{"id":9123,"date":"2023-07-07T10:23:50","date_gmt":"2023-07-07T10:23:50","guid":{"rendered":"https:\/\/partner.brainmarket.cz\/pregled-provizij\/"},"modified":"2026-04-13T06:28:44","modified_gmt":"2026-04-13T06:28:44","slug":"pregled-provizij","status":"publish","type":"page","link":"https:\/\/partner.brainmarket.cz\/sl\/pregled-provizij\/","title":{"rendered":"Pregled provizij"},"content":{"rendered":"\t\t<div data-elementor-type=\"wp-page\" data-elementor-id=\"9123\" class=\"elementor elementor-9123 elementor-51\" data-elementor-post-type=\"page\">\n\t\t\t\t\t\t\t<div class=\"elementor-element elementor-element-8664de7 e-con-full e-flex e-con e-parent\" data-id=\"8664de7\" data-element_type=\"container\" id=\"dashboard-wrap\" data-settings=\"{&quot;content_width&quot;:&quot;full&quot;}\" data-core-v316-plus=\"true\">\n\t\t<div class=\"elementor-element elementor-element-49f8f494 e-con-full e-flex e-con e-child\" data-id=\"49f8f494\" data-element_type=\"container\" id=\"dashboard-sidebar\" data-settings=\"{&quot;content_width&quot;:&quot;full&quot;,&quot;background_background&quot;:&quot;classic&quot;}\">\n\t\t\t\t<div class=\"elementor-element elementor-element-681a33f1 elementor-widget elementor-widget-heading\" data-id=\"681a33f1\" data-element_type=\"widget\" data-widget_type=\"heading.default\">\n\t\t\t\t<div class=\"elementor-widget-container\">\n\t\t\t<style>\/*! elementor - v3.16.0 - 17-10-2023 *\/\n.elementor-heading-title{padding:0;margin:0;line-height:1}.elementor-widget-heading .elementor-heading-title[class*=elementor-size-]>a{color:inherit;font-size:inherit;line-height:inherit}.elementor-widget-heading .elementor-heading-title.elementor-size-small{font-size:15px}.elementor-widget-heading .elementor-heading-title.elementor-size-medium{font-size:19px}.elementor-widget-heading .elementor-heading-title.elementor-size-large{font-size:29px}.elementor-widget-heading .elementor-heading-title.elementor-size-xl{font-size:39px}.elementor-widget-heading .elementor-heading-title.elementor-size-xxl{font-size:59px}<\/style><h3 class=\"elementor-heading-title elementor-size-default\">Navigacija<\/h3>\t\t<\/div>\n\t\t\t\t<\/div>\n\t\t\t\t<div class=\"elementor-element elementor-element-46725b13 elementor-nav-menu--dropdown-none elementor-widget elementor-widget-nav-menu\" data-id=\"46725b13\" data-element_type=\"widget\" id=\"c-sidebar-menu\" data-settings=\"{&quot;layout&quot;:&quot;vertical&quot;,&quot;submenu_icon&quot;:{&quot;value&quot;:&quot;&lt;i class=\\&quot;fas fa-caret-down\\&quot;&gt;&lt;\\\/i&gt;&quot;,&quot;library&quot;:&quot;fa-solid&quot;}}\" data-widget_type=\"nav-menu.default\">\n\t\t\t\t<div class=\"elementor-widget-container\">\n\t\t\t<link rel=\"stylesheet\" href=\"https:\/\/partner.brainmarket.cz\/wp-content\/uploads\/elementor\/css\/custom-pro-widget-nav-menu.min.css?ver=1771576160\">\t\t\t<nav class=\"elementor-nav-menu--main elementor-nav-menu__container elementor-nav-menu--layout-vertical e--pointer-background e--animation-fade\">\n\t\t\t\t<ul id=\"menu-1-46725b13\" class=\"elementor-nav-menu sm-vertical\"><li class=\"menu-item menu-item-type-post_type menu-item-object-page menu-item-69\"><a href=\"https:\/\/partner.brainmarket.cz\/muj-ucet\/\" class=\"elementor-item\">Moj ra\u010dun<\/a><\/li>\n<li class=\"menu-item menu-item-type-post_type menu-item-object-page menu-item-68\"><a href=\"https:\/\/partner.brainmarket.cz\/materialy\/\" class=\"elementor-item\">Materiali<\/a><\/li>\n<li class=\"menu-item menu-item-type-post_type menu-item-object-page menu-item-67\"><a href=\"https:\/\/partner.brainmarket.cz\/faq\/\" class=\"elementor-item\">POGOSTA VPRA\u0160ANJA<\/a><\/li>\n<li class=\"menu-item menu-item-type-post_type menu-item-object-page menu-item-2600\"><a href=\"https:\/\/partner.brainmarket.cz\/verejny-profil\/\" class=\"elementor-item\">Javni profil<\/a><\/li>\n<\/ul>\t\t\t<\/nav>\n\t\t\t\t\t\t<nav class=\"elementor-nav-menu--dropdown elementor-nav-menu__container\" aria-hidden=\"true\">\n\t\t\t\t<ul id=\"menu-2-46725b13\" class=\"elementor-nav-menu sm-vertical\"><li class=\"menu-item menu-item-type-post_type menu-item-object-page menu-item-69\"><a href=\"https:\/\/partner.brainmarket.cz\/muj-ucet\/\" class=\"elementor-item\" tabindex=\"-1\">Moj ra\u010dun<\/a><\/li>\n<li class=\"menu-item menu-item-type-post_type menu-item-object-page menu-item-68\"><a href=\"https:\/\/partner.brainmarket.cz\/materialy\/\" class=\"elementor-item\" tabindex=\"-1\">Materiali<\/a><\/li>\n<li class=\"menu-item menu-item-type-post_type menu-item-object-page menu-item-67\"><a href=\"https:\/\/partner.brainmarket.cz\/faq\/\" class=\"elementor-item\" tabindex=\"-1\">POGOSTA VPRA\u0160ANJA<\/a><\/li>\n<li class=\"menu-item menu-item-type-post_type menu-item-object-page menu-item-2600\"><a href=\"https:\/\/partner.brainmarket.cz\/verejny-profil\/\" class=\"elementor-item\" tabindex=\"-1\">Javni profil<\/a><\/li>\n<\/ul>\t\t\t<\/nav>\n\t\t\t\t<\/div>\n\t\t\t\t<\/div>\n\t\t\t\t<div class=\"elementor-element elementor-element-31743ce9 elementor-widget elementor-widget-template\" data-id=\"31743ce9\" data-element_type=\"widget\" data-widget_type=\"template.default\">\n\t\t\t\t<div class=\"elementor-widget-container\">\n\t\t\t\t\t<div class=\"elementor-template\">\n\t\t\t\t\t<div data-elementor-type=\"section\" data-elementor-id=\"83\" class=\"elementor elementor-83\" data-elementor-post-type=\"elementor_library\">\n\t\t\t\t\t\t<div class=\"elementor-element elementor-element-0d5498d e-flex e-con-boxed e-con e-parent\" data-id=\"0d5498d\" data-element_type=\"container\" data-settings=\"{&quot;content_width&quot;:&quot;boxed&quot;}\" data-core-v316-plus=\"true\">\n\t\t\t\t\t<div class=\"e-con-inner\">\n\t\t<div class=\"elementor-element elementor-element-26e8bc5 c-manager-box e-flex e-con-boxed e-con e-child\" data-id=\"26e8bc5\" data-element_type=\"container\" data-settings=\"{&quot;content_width&quot;:&quot;boxed&quot;}\">\n\t\t\t\t\t<div class=\"e-con-inner\">\n\t\t\t\t<div class=\"elementor-element elementor-element-a794b03 elementor-align-center elementor-icon-list--layout-traditional elementor-list-item-link-full_width elementor-widget elementor-widget-icon-list\" data-id=\"a794b03\" data-element_type=\"widget\" data-widget_type=\"icon-list.default\">\n\t\t\t\t<div class=\"elementor-widget-container\">\n\t\t\t<link rel=\"stylesheet\" href=\"https:\/\/partner.brainmarket.cz\/wp-content\/uploads\/elementor\/css\/custom-widget-icon-list.min.css?ver=1771576160\">\t\t<ul class=\"elementor-icon-list-items\">\n\t\t\t\t\t\t\t<li class=\"elementor-icon-list-item\">\n\t\t\t\t\t\t\t\t\t\t<span class=\"elementor-icon-list-text\"><p class='contact-box__name'><\/p><\/span>\n\t\t\t\t\t\t\t\t\t<\/li>\n\t\t\t\t\t\t\t\t<li class=\"elementor-icon-list-item\">\n\t\t\t\t\t\t\t\t\t\t<span class=\"elementor-icon-list-text\"><p class='contact-box__position'><\/p><\/span>\n\t\t\t\t\t\t\t\t\t<\/li>\n\t\t\t\t\t\t\t\t<li class=\"elementor-icon-list-item\">\n\t\t\t\t\t\t\t\t\t\t<span class=\"elementor-icon-list-text\"><a href='tel:' class='contact-box__phone'><\/a><\/span>\n\t\t\t\t\t\t\t\t\t<\/li>\n\t\t\t\t\t\t\t\t<li class=\"elementor-icon-list-item\">\n\t\t\t\t\t\t\t\t\t\t<span class=\"elementor-icon-list-text\"><a href='mailto:' class='contact-box__email'><\/a><\/span>\n\t\t\t\t\t\t\t\t\t<\/li>\n\t\t\t\t\t\t<\/ul>\n\t\t\t\t<\/div>\n\t\t\t\t<\/div>\n\t\t\t\t\t<\/div>\n\t\t\t\t<\/div>\n\t\t\t\t\t<\/div>\n\t\t\t\t<\/div>\n\t\t\t\t\t\t<\/div>\n\t\t\t\t<\/div>\n\t\t\t\t<\/div>\n\t\t\t\t<\/div>\n\t\t\t\t<\/div>\n\t\t<div class=\"elementor-element elementor-element-cbfe1a9 e-con-full e-flex e-con e-child\" data-id=\"cbfe1a9\" data-element_type=\"container\" id=\"dashboard-body\" data-settings=\"{&quot;content_width&quot;:&quot;full&quot;}\">\n\t\t<div class=\"elementor-element elementor-element-762f28d e-con-full e-flex e-con e-child\" data-id=\"762f28d\" data-element_type=\"container\" data-settings=\"{&quot;content_width&quot;:&quot;full&quot;}\">\n\t\t\t\t<div class=\"elementor-element elementor-element-3b46fe6 elementor-widget elementor-widget-heading\" data-id=\"3b46fe6\" data-element_type=\"widget\" data-widget_type=\"heading.default\">\n\t\t\t\t<div class=\"elementor-widget-container\">\n\t\t\t<h1 class=\"elementor-heading-title elementor-size-default\">Va\u0161 zaslu\u017eek<\/h1>\t\t<\/div>\n\t\t\t\t<\/div>\n\t\t\t\t<div class=\"elementor-element elementor-element-700861a elementor-widget elementor-widget-text-editor\" data-id=\"700861a\" data-element_type=\"widget\" data-widget_type=\"text-editor.default\">\n\t\t\t\t<div class=\"elementor-widget-container\">\n\t\t\t<style>\/*! elementor - v3.16.0 - 17-10-2023 *\/\n.elementor-widget-text-editor.elementor-drop-cap-view-stacked .elementor-drop-cap{background-color:#69727d;color:#fff}.elementor-widget-text-editor.elementor-drop-cap-view-framed .elementor-drop-cap{color:#69727d;border:3px solid;background-color:transparent}.elementor-widget-text-editor:not(.elementor-drop-cap-view-default) .elementor-drop-cap{margin-top:8px}.elementor-widget-text-editor:not(.elementor-drop-cap-view-default) .elementor-drop-cap-letter{width:1em;height:1em}.elementor-widget-text-editor .elementor-drop-cap{float:left;text-align:center;line-height:1;font-size:50px}.elementor-widget-text-editor .elementor-drop-cap-letter{display:inline-block}<\/style>\t\t\t\t<p>Tu boste na\u0161li le provizijo za naro\u010dila, ki so bila <strong>stranki<\/strong> \u017ee <strong>dostavljena<\/strong>. Zgodi se, da kupec naro\u010di na dostavo in ne prevzame dostave (za to ne pla\u010damo provizije).<\/p>\n\t\t\t\t\t\t<\/div>\n\t\t\t\t<\/div>\n\t\t\t\t<div class=\"elementor-element elementor-element-313f75c elementor-widget elementor-widget-shortcode\" data-id=\"313f75c\" data-element_type=\"widget\" data-widget_type=\"shortcode.default\">\n\t\t\t\t<div class=\"elementor-widget-container\">\n\t\t\t\t\t<div class=\"elementor-shortcode\">\n    <div class=\"statistics-tabs\" data-statistics-container>\n        <div class=\"statistics-tabs__header\">\n                    <button class=\"statistics-tab-btn active\" data-tab=\"standard\" data-tooltip=\"Tukaj boste na\u0161li provizijo samo za naro\u010dila, ki so bila \u017ee dostavljena stranki. Zgodi se, da stranka naro\u010di po povzetju in ne prevzame (za tak\u0161na naro\u010dila provizije ne izpla\u010dujemo).\">\n                Kon\u010dna provizija\n                <span class=\"tooltip-icon\">?<\/span>\n            <\/button>\n            <button class=\"statistics-tab-btn \" data-tab=\"all\" data-tooltip=\"Tukaj boste na\u0161li provizije za vsa naro\u010dila, vklju\u010dno s tistimi, ki niso v statusu zaklju\u010dena.\">\n                Teko\u010di podatki\n                <span class=\"tooltip-icon\">?<\/span>\n            <\/button>\n\n        <\/div>\n        <div class=\"statistics-tabs__content\">\n            <div class=\"statistics-box-wrap active\" data-tab-content=\"standard\">\n                <div class=\"statistics-box-wrap__inner\"><div class=\"statistics-box\">\n            <h3>Danes<\/h3>\n            <p class=\"statistics-box__value\" data-wt-default-price-value=\"0.000000\" data-wt-lang=\"sl\">0,00\u00a0\u20ac<\/p><p class=\"statistics-box__compare stagnant\">0%<\/p><\/div><div class=\"statistics-box\">\n            <h3>30 dni<\/h3>\n            <p class=\"statistics-box__value\" data-wt-default-price-value=\"0.000000\" data-wt-lang=\"sl\">0,00\u00a0\u20ac<\/p><p class=\"statistics-box__compare stagnant\">0%<\/p><\/div><\/div>\n            <\/div>\n            <div class=\"statistics-box-wrap\" data-tab-content=\"all\">\n                <div class=\"statistics-box-wrap__inner\"><div class=\"statistics-box\">\n            <h3>Danes<\/h3>\n            <p class=\"statistics-box__value\" data-wt-default-price-value=\"0.000000\" data-wt-lang=\"sl\">0,00\u00a0\u20ac<\/p><p class=\"statistics-box__compare stagnant\">0%<\/p><\/div><div class=\"statistics-box\">\n            <h3>30 dni<\/h3>\n            <p class=\"statistics-box__value\" data-wt-default-price-value=\"0.000000\" data-wt-lang=\"sl\">0,00\u00a0\u20ac<\/p><p class=\"statistics-box__compare stagnant\">0%<\/p><\/div><\/div>\n            <\/div>\n        <\/div>\n    <\/div><\/div>\n\t\t\t\t<\/div>\n\t\t\t\t<\/div>\n\t\t\t\t<\/div>\n\t\t<div class=\"elementor-element elementor-element-01bf030 e-con-full e-flex e-con e-child\" data-id=\"01bf030\" data-element_type=\"container\" data-settings=\"{&quot;content_width&quot;:&quot;full&quot;}\">\n\t\t\t\t<div class=\"elementor-element elementor-element-e610a94 elementor-widget elementor-widget-heading\" data-id=\"e610a94\" data-element_type=\"widget\" data-widget_type=\"heading.default\">\n\t\t\t\t<div class=\"elementor-widget-container\">\n\t\t\t<h1 class=\"elementor-heading-title elementor-size-default\">Pregled provizij<\/h1>\t\t<\/div>\n\t\t\t\t<\/div>\n\t\t\t\t<div class=\"elementor-element elementor-element-75df514 elementor-widget elementor-widget-shortcode\" data-id=\"75df514\" data-element_type=\"widget\" data-widget_type=\"shortcode.default\">\n\t\t\t\t<div class=\"elementor-widget-container\">\n\t\t\t\t\t<div class=\"elementor-shortcode\"><div class=\"l-table-wrapper\"><table class=\"l-table\"><tr><th>Mesec<\/th><th>Vsota provizij<\/th><th>\u0160tevilo naro\u010dil<\/th><th>Novi stranke<\/th><th>Vra\u010dajo\u010di se<\/th><th>Vsota cen<\/th><th>Povpre\u010dna cena naro\u010dila<\/th><th>Povpre\u010dna provizija<\/th><th><\/th><\/tr><\/table><\/div><\/div>\n\t\t\t\t<\/div>\n\t\t\t\t<\/div>\n\t\t\t\t<\/div>\n\t\t<div class=\"elementor-element elementor-element-6ab6150 e-con-full e-flex e-con e-child\" data-id=\"6ab6150\" data-element_type=\"container\" data-settings=\"{&quot;content_width&quot;:&quot;full&quot;}\">\n\t\t<div class=\"elementor-element elementor-element-deed080 e-con-full e-flex e-con e-child\" data-id=\"deed080\" data-element_type=\"container\" data-settings=\"{&quot;content_width&quot;:&quot;full&quot;}\">\n\t\t<div class=\"elementor-element elementor-element-2b83849 e-con-full e-flex e-con e-child\" data-id=\"2b83849\" data-element_type=\"container\" data-settings=\"{&quot;content_width&quot;:&quot;full&quot;}\">\n\t\t\t\t<div class=\"elementor-element elementor-element-b66f21a elementor-widget elementor-widget-heading\" data-id=\"b66f21a\" data-element_type=\"widget\" data-widget_type=\"heading.default\">\n\t\t\t\t<div class=\"elementor-widget-container\">\n\t\t\t<h1 class=\"elementor-heading-title elementor-size-default\">Pregled TOP izdelkov v zadnjih 30 dneh<\/h1>\t\t<\/div>\n\t\t\t\t<\/div>\n\t\t\t\t<div class=\"elementor-element elementor-element-30c6363 elementor-widget elementor-widget-shortcode\" data-id=\"30c6363\" data-element_type=\"widget\" data-widget_type=\"shortcode.default\">\n\t\t\t\t<div class=\"elementor-widget-container\">\n\t\t\t\t\t<div class=\"elementor-shortcode\"><\/div>\n\t\t\t\t<\/div>\n\t\t\t\t<\/div>\n\t\t\t\t<\/div>\n\t\t\t\t<\/div>\n\t\t\t\t<\/div>\n\t\t<div class=\"elementor-element elementor-element-0620247 e-con-full e-flex e-con e-child\" data-id=\"0620247\" data-element_type=\"container\" data-settings=\"{&quot;content_width&quot;:&quot;full&quot;}\">\n\t\t\t\t<div class=\"elementor-element elementor-element-41c967c elementor-widget elementor-widget-heading\" data-id=\"41c967c\" data-element_type=\"widget\" data-widget_type=\"heading.default\">\n\t\t\t\t<div class=\"elementor-widget-container\">\n\t\t\t<h1 class=\"elementor-heading-title elementor-size-default\">Izvoz podatkov<\/h1>\t\t<\/div>\n\t\t\t\t<\/div>\n\t\t\t\t<div class=\"elementor-element elementor-element-38458d2 elementor-widget elementor-widget-shortcode\" data-id=\"38458d2\" data-element_type=\"widget\" data-widget_type=\"shortcode.default\">\n\t\t\t\t<div class=\"elementor-widget-container\">\n\t\t\t\t\t<div class=\"elementor-shortcode\">  <div class=\"data-filter-box\">\n    <div class=\"data-filter-box__col\">\n      <label for=\"from-date\">Datum od:<\/label>\n      <input type=\"date\" id=\"from-date\" name=\"from-date\">\n    <\/div>\n    <div class=\"data-filter-box__col\">\n      <label for=\"to-date\">Datum do:<\/label>\n      <input type=\"date\" id=\"to-date\" name=\"to-date\">\n    <\/div>\n    <div class=\"data-filter-box__col\">\n      <label for=\"data-type\">Vrsta podatkov:<\/label>\n      <select id=\"data-type\" name=\"data-type\">\n        <option value=\"daily\">Dnevni podatki<\/option>\n        <option value=\"monthly\">Mese\u010dni podatki<\/option>\n      <\/select>\n    <\/div>\n    <div class=\"data-filter-box__col\">\n      <a href=\"\" class=\"btn--black-ico--download\">Prenesi<\/a>\n    <\/div>\n\n  <\/div>\n\n  <script>\n    jQuery(document).ready(function ($) {\n      \/\/ Z\u00edsk\u00e1n\u00ed hodnoty vybran\u00e9ho data z inputu\n      var fromDate = $('#from-date').val();\n      var toDate = $('#to-date').val();\n\n      \/\/ Manipulace s hodnotami dat\n      $('#from-date').on('change', function () {\n        fromDate = $(this).val();\n      });\n\n      $('#to-date').on('change', function () {\n        toDate = $(this).val();\n      });\n\n      \/\/ Odesl\u00e1n\u00ed formul\u00e1\u0159e\n      $('.data-filter-box input[type=\"submit\"]').on('click', function (e) {\n        e.preventDefault();\n\n        console.log('Datum od:', fromDate);\n        console.log('Datum do:', toDate);\n        console.log('Typ dat:', $('#data-type').val());\n      });\n    });\n  <\/script>\n  <\/div>\n\t\t\t\t<\/div>\n\t\t\t\t<\/div>\n\t\t\t\t<\/div>\n\t\t\t\t<\/div>\n\t\t\t\t<\/div>\n\t\t\t\t\t\t\t<\/div>\n\t\t","protected":false},"excerpt":{"rendered":"<p>Navigacija Va\u0161 zaslu\u017eek Tu boste na\u0161li le provizijo za naro\u010dila, ki so bila stranki \u017ee dostavljena. Zgodi se, da kupec naro\u010di na dostavo in ne prevzame dostave (za to ne pla\u010damo provizije). Pregled provizij Pregled TOP izdelkov v zadnjih 30 dneh Izvoz podatkov<\/p>\n","protected":false},"author":1,"featured_media":0,"parent":0,"menu_order":0,"comment_status":"closed","ping_status":"closed","template":"elementor_header_footer","meta":{"footnotes":""},"acf":[],"_links":{"self":[{"href":"https:\/\/partner.brainmarket.cz\/sl\/wp-json\/wp\/v2\/pages\/9123"}],"collection":[{"href":"https:\/\/partner.brainmarket.cz\/sl\/wp-json\/wp\/v2\/pages"}],"about":[{"href":"https:\/\/partner.brainmarket.cz\/sl\/wp-json\/wp\/v2\/types\/page"}],"author":[{"embeddable":true,"href":"https:\/\/partner.brainmarket.cz\/sl\/wp-json\/wp\/v2\/users\/1"}],"replies":[{"embeddable":true,"href":"https:\/\/partner.brainmarket.cz\/sl\/wp-json\/wp\/v2\/comments?post=9123"}],"version-history":[{"count":1,"href":"https:\/\/partner.brainmarket.cz\/sl\/wp-json\/wp\/v2\/pages\/9123\/revisions"}],"predecessor-version":[{"id":9125,"href":"https:\/\/partner.brainmarket.cz\/sl\/wp-json\/wp\/v2\/pages\/9123\/revisions\/9125"}],"wp:attachment":[{"href":"https:\/\/partner.brainmarket.cz\/sl\/wp-json\/wp\/v2\/media?parent=9123"}],"curies":[{"name":"wp","href":"https:\/\/api.w.org\/{rel}","templated":true}]}}