{"id":9107,"date":"2023-07-07T10:24:29","date_gmt":"2023-07-07T10:24:29","guid":{"rendered":"https:\/\/partner.brainmarket.cz\/pogosta-vprasanja\/"},"modified":"2026-04-13T06:10:28","modified_gmt":"2026-04-13T06:10:28","slug":"pogosta-vprasanja","status":"publish","type":"page","link":"https:\/\/partner.brainmarket.cz\/sl\/pogosta-vprasanja\/","title":{"rendered":"POGOSTA VPRA\u0160ANJA"},"content":{"rendered":"\t\t<div data-elementor-type=\"wp-page\" data-elementor-id=\"9107\" class=\"elementor elementor-9107 elementor-57\" data-elementor-post-type=\"page\">\n\t\t\t\t\t\t\t<div class=\"elementor-element elementor-element-7a95ca3 e-con-full e-flex e-con e-parent\" data-id=\"7a95ca3\" data-element_type=\"container\" id=\"dashboard-wrap\" data-settings=\"{&quot;content_width&quot;:&quot;full&quot;}\" data-core-v316-plus=\"true\">\n\t\t<div class=\"elementor-element elementor-element-0507206 e-con-full e-flex e-con e-child\" data-id=\"0507206\" data-element_type=\"container\" id=\"dashboard-sidebar\" data-settings=\"{&quot;content_width&quot;:&quot;full&quot;,&quot;background_background&quot;:&quot;classic&quot;}\">\n\t\t\t\t<div class=\"elementor-element elementor-element-2c3e870 elementor-widget elementor-widget-heading\" data-id=\"2c3e870\" data-element_type=\"widget\" data-widget_type=\"heading.default\">\n\t\t\t\t<div class=\"elementor-widget-container\">\n\t\t\t<style>\/*! elementor - v3.16.0 - 17-10-2023 *\/\n.elementor-heading-title{padding:0;margin:0;line-height:1}.elementor-widget-heading .elementor-heading-title[class*=elementor-size-]>a{color:inherit;font-size:inherit;line-height:inherit}.elementor-widget-heading .elementor-heading-title.elementor-size-small{font-size:15px}.elementor-widget-heading .elementor-heading-title.elementor-size-medium{font-size:19px}.elementor-widget-heading .elementor-heading-title.elementor-size-large{font-size:29px}.elementor-widget-heading .elementor-heading-title.elementor-size-xl{font-size:39px}.elementor-widget-heading .elementor-heading-title.elementor-size-xxl{font-size:59px}<\/style><h3 class=\"elementor-heading-title elementor-size-default\">Navigacija<\/h3>\t\t<\/div>\n\t\t\t\t<\/div>\n\t\t\t\t<div class=\"elementor-element elementor-element-ca87044 elementor-nav-menu--dropdown-none elementor-widget elementor-widget-nav-menu\" data-id=\"ca87044\" data-element_type=\"widget\" id=\"c-sidebar-menu\" data-settings=\"{&quot;layout&quot;:&quot;vertical&quot;,&quot;submenu_icon&quot;:{&quot;value&quot;:&quot;&lt;i class=\\&quot;fas fa-caret-down\\&quot;&gt;&lt;\\\/i&gt;&quot;,&quot;library&quot;:&quot;fa-solid&quot;}}\" data-widget_type=\"nav-menu.default\">\n\t\t\t\t<div class=\"elementor-widget-container\">\n\t\t\t<link rel=\"stylesheet\" href=\"https:\/\/partner.brainmarket.cz\/wp-content\/uploads\/elementor\/css\/custom-pro-widget-nav-menu.min.css?ver=1771576160\">\t\t\t<nav class=\"elementor-nav-menu--main elementor-nav-menu__container elementor-nav-menu--layout-vertical e--pointer-background e--animation-fade\">\n\t\t\t\t<ul id=\"menu-1-ca87044\" class=\"elementor-nav-menu sm-vertical\"><li class=\"menu-item menu-item-type-post_type menu-item-object-page menu-item-69\"><a href=\"https:\/\/partner.brainmarket.cz\/muj-ucet\/\" class=\"elementor-item\">Moj ra\u010dun<\/a><\/li>\n<li class=\"menu-item menu-item-type-post_type menu-item-object-page menu-item-68\"><a href=\"https:\/\/partner.brainmarket.cz\/materialy\/\" class=\"elementor-item\">Materiali<\/a><\/li>\n<li class=\"menu-item menu-item-type-post_type menu-item-object-page menu-item-67\"><a href=\"https:\/\/partner.brainmarket.cz\/faq\/\" class=\"elementor-item\">POGOSTA VPRA\u0160ANJA<\/a><\/li>\n<li class=\"menu-item menu-item-type-post_type menu-item-object-page menu-item-2600\"><a href=\"https:\/\/partner.brainmarket.cz\/verejny-profil\/\" class=\"elementor-item\">Javni profil<\/a><\/li>\n<\/ul>\t\t\t<\/nav>\n\t\t\t\t\t\t<nav class=\"elementor-nav-menu--dropdown elementor-nav-menu__container\" aria-hidden=\"true\">\n\t\t\t\t<ul id=\"menu-2-ca87044\" class=\"elementor-nav-menu sm-vertical\"><li class=\"menu-item menu-item-type-post_type menu-item-object-page menu-item-69\"><a href=\"https:\/\/partner.brainmarket.cz\/muj-ucet\/\" class=\"elementor-item\" tabindex=\"-1\">Moj ra\u010dun<\/a><\/li>\n<li class=\"menu-item menu-item-type-post_type menu-item-object-page menu-item-68\"><a href=\"https:\/\/partner.brainmarket.cz\/materialy\/\" class=\"elementor-item\" tabindex=\"-1\">Materiali<\/a><\/li>\n<li class=\"menu-item menu-item-type-post_type menu-item-object-page menu-item-67\"><a href=\"https:\/\/partner.brainmarket.cz\/faq\/\" class=\"elementor-item\" tabindex=\"-1\">POGOSTA VPRA\u0160ANJA<\/a><\/li>\n<li class=\"menu-item menu-item-type-post_type menu-item-object-page menu-item-2600\"><a href=\"https:\/\/partner.brainmarket.cz\/verejny-profil\/\" class=\"elementor-item\" tabindex=\"-1\">Javni profil<\/a><\/li>\n<\/ul>\t\t\t<\/nav>\n\t\t\t\t<\/div>\n\t\t\t\t<\/div>\n\t\t\t\t<div class=\"elementor-element elementor-element-84d1bac elementor-widget elementor-widget-template\" data-id=\"84d1bac\" data-element_type=\"widget\" data-widget_type=\"template.default\">\n\t\t\t\t<div class=\"elementor-widget-container\">\n\t\t\t\t\t<div class=\"elementor-template\">\n\t\t\t\t\t<div data-elementor-type=\"section\" data-elementor-id=\"83\" class=\"elementor elementor-83\" data-elementor-post-type=\"elementor_library\">\n\t\t\t\t\t\t<div class=\"elementor-element elementor-element-0d5498d e-flex e-con-boxed e-con e-parent\" data-id=\"0d5498d\" data-element_type=\"container\" data-settings=\"{&quot;content_width&quot;:&quot;boxed&quot;}\" data-core-v316-plus=\"true\">\n\t\t\t\t\t<div class=\"e-con-inner\">\n\t\t<div class=\"elementor-element elementor-element-26e8bc5 c-manager-box e-flex e-con-boxed e-con e-child\" data-id=\"26e8bc5\" data-element_type=\"container\" data-settings=\"{&quot;content_width&quot;:&quot;boxed&quot;}\">\n\t\t\t\t\t<div class=\"e-con-inner\">\n\t\t\t\t<div class=\"elementor-element elementor-element-a794b03 elementor-align-center elementor-icon-list--layout-traditional elementor-list-item-link-full_width elementor-widget elementor-widget-icon-list\" data-id=\"a794b03\" data-element_type=\"widget\" data-widget_type=\"icon-list.default\">\n\t\t\t\t<div class=\"elementor-widget-container\">\n\t\t\t<link rel=\"stylesheet\" href=\"https:\/\/partner.brainmarket.cz\/wp-content\/uploads\/elementor\/css\/custom-widget-icon-list.min.css?ver=1771576160\">\t\t<ul class=\"elementor-icon-list-items\">\n\t\t\t\t\t\t\t<li class=\"elementor-icon-list-item\">\n\t\t\t\t\t\t\t\t\t\t<span class=\"elementor-icon-list-text\"><p class='contact-box__name'><\/p><\/span>\n\t\t\t\t\t\t\t\t\t<\/li>\n\t\t\t\t\t\t\t\t<li class=\"elementor-icon-list-item\">\n\t\t\t\t\t\t\t\t\t\t<span class=\"elementor-icon-list-text\"><p class='contact-box__position'><\/p><\/span>\n\t\t\t\t\t\t\t\t\t<\/li>\n\t\t\t\t\t\t\t\t<li class=\"elementor-icon-list-item\">\n\t\t\t\t\t\t\t\t\t\t<span class=\"elementor-icon-list-text\"><a href='tel:' class='contact-box__phone'><\/a><\/span>\n\t\t\t\t\t\t\t\t\t<\/li>\n\t\t\t\t\t\t\t\t<li class=\"elementor-icon-list-item\">\n\t\t\t\t\t\t\t\t\t\t<span class=\"elementor-icon-list-text\"><a href='mailto:' class='contact-box__email'><\/a><\/span>\n\t\t\t\t\t\t\t\t\t<\/li>\n\t\t\t\t\t\t<\/ul>\n\t\t\t\t<\/div>\n\t\t\t\t<\/div>\n\t\t\t\t\t<\/div>\n\t\t\t\t<\/div>\n\t\t\t\t\t<\/div>\n\t\t\t\t<\/div>\n\t\t\t\t\t\t<\/div>\n\t\t\t\t<\/div>\n\t\t\t\t<\/div>\n\t\t\t\t<\/div>\n\t\t\t\t<\/div>\n\t\t<div class=\"elementor-element elementor-element-cfdc776 e-con-full e-flex e-con e-child\" data-id=\"cfdc776\" data-element_type=\"container\" id=\"dashboard-body\" data-settings=\"{&quot;content_width&quot;:&quot;full&quot;}\">\n\t\t\t\t<div class=\"elementor-element elementor-element-c204b6f elementor-widget elementor-widget-heading\" data-id=\"c204b6f\" data-element_type=\"widget\" data-widget_type=\"heading.default\">\n\t\t\t\t<div class=\"elementor-widget-container\">\n\t\t\t<h1 class=\"elementor-heading-title elementor-size-default\">Pogosto zastavljena vpra\u0161anja<\/h1>\t\t<\/div>\n\t\t\t\t<\/div>\n\t\t\t\t<div class=\"elementor-element elementor-element-37d4a69 elementor-widget elementor-widget-shortcode\" data-id=\"37d4a69\" data-element_type=\"widget\" data-widget_type=\"shortcode.default\">\n\t\t\t\t<div class=\"elementor-widget-container\">\n\t\t\t\t\t<div class=\"elementor-shortcode\"><div class=\"accordion-widget elementor-accordion\">\n        <div class=\"accordion-item\">\n            <div class=\"accordion-header\">\n                <span class=\"accordion-title\">Kdaj in kako mi bodo izpla\u010dane provizije?<\/span>\n                <span class=\"accordion-icon\">+<\/span>\n            <\/div>\n            <div class=\"accordion-content\">Provizije se izpla\u010dajo do 20. dne naslednjega meseca. Upo\u0161tevajo se samo naro\u010dila, ki so bila uspe\u0161no dostavljena.<\/div>\n        <\/div>\n        <div class=\"accordion-item\">\n            <div class=\"accordion-header\">\n                <span class=\"accordion-title\">Moje naro\u010dilo zahteva pla\u010dilo, kaj naj storim?<\/span>\n                <span class=\"accordion-icon\">+<\/span>\n            <\/div>\n            <div class=\"accordion-content\">V primeru, da po 1 dnevu va\u0161e naro\u010dilo ni obdelano in zahteva pla\u010dilo, me kontaktirajte na kozubkova@brainmarket.cz, ali preprosto napi\u0161ite sporo\u010dilo na Instagramu.<\/div>\n        <\/div>\n        <div class=\"accordion-item\">\n            <div class=\"accordion-header\">\n                <span class=\"accordion-title\">Ali je mo\u017eno pove\u010danje budgeta?<\/span>\n                <span class=\"accordion-icon\">+<\/span>\n            <\/div>\n            <div class=\"accordion-content\">Da, cenimo trud in ustvarjalnost na\u0161ih ustvarjalcev, zato vas bomo zagotovo nagradili, \u010de boste aktivni, delili vsebino z na\u0161imi izdelki ali ustvarjali dodatne izobra\u017eevalne ali zabavne videoposnetke. Bodisi v obliki pove\u010danja budgeta ali v obliki mystery paketov z novostmi.<\/div>\n        <\/div><\/div><\/div>\n\t\t\t\t<\/div>\n\t\t\t\t<\/div>\n\t\t\t\t<\/div>\n\t\t<div class=\"elementor-element elementor-element-6c2ef8d e-con-full e-flex e-con e-child\" data-id=\"6c2ef8d\" data-element_type=\"container\" data-settings=\"{&quot;content_width&quot;:&quot;full&quot;}\">\n\t\t\t\t<div class=\"elementor-element elementor-element-7bd8078 elementor-widget elementor-widget-shortcode\" data-id=\"7bd8078\" data-element_type=\"widget\" data-settings=\"{&quot;sticky&quot;:&quot;top&quot;,&quot;sticky_parent&quot;:&quot;yes&quot;,&quot;sticky_on&quot;:[&quot;desktop&quot;,&quot;laptop&quot;],&quot;sticky_offset&quot;:0,&quot;sticky_effects_offset&quot;:0}\" data-widget_type=\"shortcode.default\">\n\t\t\t\t<div class=\"elementor-widget-container\">\n\t\t\t\t\t<div class=\"elementor-shortcode\"><\/div>\n\t\t\t\t<\/div>\n\t\t\t\t<\/div>\n\t\t\t\t<\/div>\n\t\t\t\t<\/div>\n\t\t\t\t\t\t\t<\/div>\n\t\t","protected":false},"excerpt":{"rendered":"<p>Navigacija Pogosto zastavljena vpra\u0161anja<\/p>\n","protected":false},"author":1,"featured_media":0,"parent":0,"menu_order":0,"comment_status":"closed","ping_status":"closed","template":"elementor_header_footer","meta":{"footnotes":""},"acf":[],"_links":{"self":[{"href":"https:\/\/partner.brainmarket.cz\/sl\/wp-json\/wp\/v2\/pages\/9107"}],"collection":[{"href":"https:\/\/partner.brainmarket.cz\/sl\/wp-json\/wp\/v2\/pages"}],"about":[{"href":"https:\/\/partner.brainmarket.cz\/sl\/wp-json\/wp\/v2\/types\/page"}],"author":[{"embeddable":true,"href":"https:\/\/partner.brainmarket.cz\/sl\/wp-json\/wp\/v2\/users\/1"}],"replies":[{"embeddable":true,"href":"https:\/\/partner.brainmarket.cz\/sl\/wp-json\/wp\/v2\/comments?post=9107"}],"version-history":[{"count":1,"href":"https:\/\/partner.brainmarket.cz\/sl\/wp-json\/wp\/v2\/pages\/9107\/revisions"}],"predecessor-version":[{"id":9108,"href":"https:\/\/partner.brainmarket.cz\/sl\/wp-json\/wp\/v2\/pages\/9107\/revisions\/9108"}],"wp:attachment":[{"href":"https:\/\/partner.brainmarket.cz\/sl\/wp-json\/wp\/v2\/media?parent=9107"}],"curies":[{"name":"wp","href":"https:\/\/api.w.org\/{rel}","templated":true}]}}