{"id":525,"date":"2023-07-07T10:24:29","date_gmt":"2023-07-07T10:24:29","guid":{"rendered":"https:\/\/partner.brainmarket.cz\/intrebari-frecvente\/"},"modified":"2023-10-24T12:50:49","modified_gmt":"2023-10-24T12:50:49","slug":"intrebari-frecvente","status":"publish","type":"page","link":"https:\/\/partner.brainmarket.cz\/ro\/intrebari-frecvente\/","title":{"rendered":"\u00ceNTREB\u0102RI FRECVENTE"},"content":{"rendered":"\t\t<div data-elementor-type=\"wp-page\" data-elementor-id=\"525\" class=\"elementor elementor-525 elementor-57\" data-elementor-post-type=\"page\">\n\t\t\t\t\t\t\t<div class=\"elementor-element elementor-element-7a95ca3 e-con-full e-flex e-con e-parent\" data-id=\"7a95ca3\" data-element_type=\"container\" id=\"dashboard-wrap\" data-settings=\"{&quot;content_width&quot;:&quot;full&quot;}\" data-core-v316-plus=\"true\">\n\t\t<div class=\"elementor-element elementor-element-0507206 e-con-full e-flex e-con e-child\" data-id=\"0507206\" data-element_type=\"container\" id=\"dashboard-sidebar\" data-settings=\"{&quot;content_width&quot;:&quot;full&quot;,&quot;background_background&quot;:&quot;classic&quot;}\">\n\t\t\t\t<div class=\"elementor-element elementor-element-2c3e870 elementor-widget elementor-widget-heading\" data-id=\"2c3e870\" data-element_type=\"widget\" data-widget_type=\"heading.default\">\n\t\t\t\t<div class=\"elementor-widget-container\">\n\t\t\t<style>\/*! elementor - v3.16.0 - 17-10-2023 *\/\n.elementor-heading-title{padding:0;margin:0;line-height:1}.elementor-widget-heading .elementor-heading-title[class*=elementor-size-]>a{color:inherit;font-size:inherit;line-height:inherit}.elementor-widget-heading .elementor-heading-title.elementor-size-small{font-size:15px}.elementor-widget-heading .elementor-heading-title.elementor-size-medium{font-size:19px}.elementor-widget-heading .elementor-heading-title.elementor-size-large{font-size:29px}.elementor-widget-heading .elementor-heading-title.elementor-size-xl{font-size:39px}.elementor-widget-heading .elementor-heading-title.elementor-size-xxl{font-size:59px}<\/style><h3 class=\"elementor-heading-title elementor-size-default\">Naviga\u021bie<\/h3>\t\t<\/div>\n\t\t\t\t<\/div>\n\t\t\t\t<div class=\"elementor-element elementor-element-ca87044 elementor-nav-menu--dropdown-none elementor-widget elementor-widget-nav-menu\" data-id=\"ca87044\" data-element_type=\"widget\" id=\"c-sidebar-menu\" data-settings=\"{&quot;layout&quot;:&quot;vertical&quot;,&quot;submenu_icon&quot;:{&quot;value&quot;:&quot;&lt;i class=\\&quot;fas fa-caret-down\\&quot;&gt;&lt;\\\/i&gt;&quot;,&quot;library&quot;:&quot;fa-solid&quot;}}\" data-widget_type=\"nav-menu.default\">\n\t\t\t\t<div class=\"elementor-widget-container\">\n\t\t\t<link rel=\"stylesheet\" href=\"https:\/\/partner.brainmarket.cz\/wp-content\/uploads\/elementor\/css\/custom-pro-widget-nav-menu.min.css?ver=1771576160\">\t\t\t<nav class=\"elementor-nav-menu--main elementor-nav-menu__container elementor-nav-menu--layout-vertical e--pointer-background e--animation-fade\">\n\t\t\t\t<ul id=\"menu-1-ca87044\" class=\"elementor-nav-menu sm-vertical\"><li class=\"menu-item menu-item-type-post_type menu-item-object-page menu-item-69\"><a href=\"https:\/\/partner.brainmarket.cz\/muj-ucet\/\" class=\"elementor-item\">Contul meu<\/a><\/li>\n<li class=\"menu-item menu-item-type-post_type menu-item-object-page menu-item-68\"><a href=\"https:\/\/partner.brainmarket.cz\/materialy\/\" class=\"elementor-item\">Materiale<\/a><\/li>\n<li class=\"menu-item menu-item-type-post_type menu-item-object-page menu-item-67\"><a href=\"https:\/\/partner.brainmarket.cz\/faq\/\" class=\"elementor-item\">\u00ceNTREB\u0102RI FRECVENTE<\/a><\/li>\n<li class=\"menu-item menu-item-type-post_type menu-item-object-page menu-item-2600\"><a href=\"https:\/\/partner.brainmarket.cz\/verejny-profil\/\" class=\"elementor-item\">Profil public<\/a><\/li>\n<\/ul>\t\t\t<\/nav>\n\t\t\t\t\t\t<nav class=\"elementor-nav-menu--dropdown elementor-nav-menu__container\" aria-hidden=\"true\">\n\t\t\t\t<ul id=\"menu-2-ca87044\" class=\"elementor-nav-menu sm-vertical\"><li class=\"menu-item menu-item-type-post_type menu-item-object-page menu-item-69\"><a href=\"https:\/\/partner.brainmarket.cz\/muj-ucet\/\" class=\"elementor-item\" tabindex=\"-1\">Contul meu<\/a><\/li>\n<li class=\"menu-item menu-item-type-post_type menu-item-object-page menu-item-68\"><a href=\"https:\/\/partner.brainmarket.cz\/materialy\/\" class=\"elementor-item\" tabindex=\"-1\">Materiale<\/a><\/li>\n<li class=\"menu-item menu-item-type-post_type menu-item-object-page menu-item-67\"><a href=\"https:\/\/partner.brainmarket.cz\/faq\/\" class=\"elementor-item\" tabindex=\"-1\">\u00ceNTREB\u0102RI FRECVENTE<\/a><\/li>\n<li class=\"menu-item menu-item-type-post_type menu-item-object-page menu-item-2600\"><a href=\"https:\/\/partner.brainmarket.cz\/verejny-profil\/\" class=\"elementor-item\" tabindex=\"-1\">Profil public<\/a><\/li>\n<\/ul>\t\t\t<\/nav>\n\t\t\t\t<\/div>\n\t\t\t\t<\/div>\n\t\t\t\t<div class=\"elementor-element elementor-element-84d1bac elementor-widget elementor-widget-template\" data-id=\"84d1bac\" data-element_type=\"widget\" data-widget_type=\"template.default\">\n\t\t\t\t<div class=\"elementor-widget-container\">\n\t\t\t\t\t<div class=\"elementor-template\">\n\t\t\t\t\t<div data-elementor-type=\"section\" data-elementor-id=\"586\" class=\"elementor elementor-586 elementor-83\" data-elementor-post-type=\"elementor_library\">\n\t\t\t\t\t\t<div class=\"elementor-element elementor-element-0d5498d e-flex e-con-boxed e-con e-parent\" data-id=\"0d5498d\" data-element_type=\"container\" data-settings=\"{&quot;content_width&quot;:&quot;boxed&quot;}\" data-core-v316-plus=\"true\">\n\t\t\t\t\t<div class=\"e-con-inner\">\n\t\t<div class=\"elementor-element elementor-element-26e8bc5 c-manager-box e-flex e-con-boxed e-con e-child\" data-id=\"26e8bc5\" data-element_type=\"container\" data-settings=\"{&quot;content_width&quot;:&quot;boxed&quot;}\">\n\t\t\t\t\t<div class=\"e-con-inner\">\n\t\t\t\t<div class=\"elementor-element elementor-element-a794b03 elementor-align-center elementor-icon-list--layout-traditional elementor-list-item-link-full_width elementor-widget elementor-widget-icon-list\" data-id=\"a794b03\" data-element_type=\"widget\" data-widget_type=\"icon-list.default\">\n\t\t\t\t<div class=\"elementor-widget-container\">\n\t\t\t<link rel=\"stylesheet\" href=\"https:\/\/partner.brainmarket.cz\/wp-content\/uploads\/elementor\/css\/custom-widget-icon-list.min.css?ver=1771576160\">\t\t<ul class=\"elementor-icon-list-items\">\n\t\t\t\t\t\t\t<li class=\"elementor-icon-list-item\">\n\t\t\t\t\t\t\t\t\t\t<span class=\"elementor-icon-list-text\"><p class='contact-box__name'><\/p><\/span>\n\t\t\t\t\t\t\t\t\t<\/li>\n\t\t\t\t\t\t\t\t<li class=\"elementor-icon-list-item\">\n\t\t\t\t\t\t\t\t\t\t<span class=\"elementor-icon-list-text\"><p class='contact-box__position'><\/p><\/span>\n\t\t\t\t\t\t\t\t\t<\/li>\n\t\t\t\t\t\t\t\t<li class=\"elementor-icon-list-item\">\n\t\t\t\t\t\t\t\t\t\t<span class=\"elementor-icon-list-text\"><a href='tel:' class='contact-box__phone'><\/a><\/span>\n\t\t\t\t\t\t\t\t\t<\/li>\n\t\t\t\t\t\t\t\t<li class=\"elementor-icon-list-item\">\n\t\t\t\t\t\t\t\t\t\t<span class=\"elementor-icon-list-text\"><a href='mailto:' class='contact-box__email'><\/a><\/span>\n\t\t\t\t\t\t\t\t\t<\/li>\n\t\t\t\t\t\t<\/ul>\n\t\t\t\t<\/div>\n\t\t\t\t<\/div>\n\t\t\t\t\t<\/div>\n\t\t\t\t<\/div>\n\t\t\t\t\t<\/div>\n\t\t\t\t<\/div>\n\t\t\t\t\t\t<\/div>\n\t\t\t\t<\/div>\n\t\t\t\t<\/div>\n\t\t\t\t<\/div>\n\t\t\t\t<\/div>\n\t\t<div class=\"elementor-element elementor-element-cfdc776 e-con-full e-flex e-con e-child\" data-id=\"cfdc776\" data-element_type=\"container\" id=\"dashboard-body\" data-settings=\"{&quot;content_width&quot;:&quot;full&quot;}\">\n\t\t\t\t<div class=\"elementor-element elementor-element-c204b6f elementor-widget elementor-widget-heading\" data-id=\"c204b6f\" data-element_type=\"widget\" data-widget_type=\"heading.default\">\n\t\t\t\t<div class=\"elementor-widget-container\">\n\t\t\t<h1 class=\"elementor-heading-title elementor-size-default\">\u00centreb\u0103ri frecvente<\/h1>\t\t<\/div>\n\t\t\t\t<\/div>\n\t\t\t\t<div class=\"elementor-element elementor-element-37d4a69 elementor-widget elementor-widget-shortcode\" data-id=\"37d4a69\" data-element_type=\"widget\" data-widget_type=\"shortcode.default\">\n\t\t\t\t<div class=\"elementor-widget-container\">\n\t\t\t\t\t<div class=\"elementor-shortcode\"><div class=\"accordion-widget elementor-accordion\">\n        <div class=\"accordion-item\">\n            <div class=\"accordion-header\">\n                <span class=\"accordion-title\">C\u00e2nd \u0219i cum \u00eemi vor fi pl\u0103tite comisioanele?<\/span>\n                <span class=\"accordion-icon\">+<\/span>\n            <\/div>\n            <div class=\"accordion-content\">Comisioanele se pl\u0103tesc p\u00e2n\u0103 \u00een a 20-a zi a lunii urm\u0103toare. Se calculeaz\u0103 doar din comenzile care au fost livrate cu succes.<\/div>\n        <\/div>\n        <div class=\"accordion-item\">\n            <div class=\"accordion-header\">\n                <span class=\"accordion-title\">Comanda mea necesit\u0103 plat\u0103, ce trebuie s\u0103 fac?<\/span>\n                <span class=\"accordion-icon\">+<\/span>\n            <\/div>\n            <div class=\"accordion-content\">\u00cen cazul \u00een care dup\u0103 1 zi comanda dvs. nu este procesat\u0103 \u0219i necesit\u0103 plat\u0103, contacta\u021bi-m\u0103 la kozubkova@brainmarket.cz, sau pute\u021bi scrie un mesaj pe Instagram.<\/div>\n        <\/div>\n        <div class=\"accordion-item\">\n            <div class=\"accordion-header\">\n                <span class=\"accordion-title\">Este posibil\u0103 cre\u0219terea bugetului?<\/span>\n                <span class=\"accordion-icon\">+<\/span>\n            <\/div>\n            <div class=\"accordion-content\">Da, apreciem efortul \u0219i creativitatea creatorilor no\u0219tri, de aceea dac\u0103 ve\u021bi fi activi, ve\u021bi distribui con\u021binut cu produsele noastre sau ve\u021bi crea videoclipuri educa\u021bionale sau de divertisment suplimentare, cu siguran\u021b\u0103 v\u0103 vom recompensa. Fie sub form\u0103 de cre\u0219tere a bugetului, fie sub form\u0103 de mystery pachete cu nout\u0103\u021bi.<\/div>\n        <\/div><\/div><\/div>\n\t\t\t\t<\/div>\n\t\t\t\t<\/div>\n\t\t\t\t<\/div>\n\t\t<div class=\"elementor-element elementor-element-6c2ef8d e-con-full e-flex e-con e-child\" data-id=\"6c2ef8d\" data-element_type=\"container\" data-settings=\"{&quot;content_width&quot;:&quot;full&quot;}\">\n\t\t\t\t<div class=\"elementor-element elementor-element-7bd8078 elementor-widget elementor-widget-shortcode\" data-id=\"7bd8078\" data-element_type=\"widget\" data-settings=\"{&quot;sticky&quot;:&quot;top&quot;,&quot;sticky_parent&quot;:&quot;yes&quot;,&quot;sticky_on&quot;:[&quot;desktop&quot;,&quot;laptop&quot;],&quot;sticky_offset&quot;:0,&quot;sticky_effects_offset&quot;:0}\" data-widget_type=\"shortcode.default\">\n\t\t\t\t<div class=\"elementor-widget-container\">\n\t\t\t\t\t<div class=\"elementor-shortcode\"><\/div>\n\t\t\t\t<\/div>\n\t\t\t\t<\/div>\n\t\t\t\t<\/div>\n\t\t\t\t<\/div>\n\t\t\t\t\t\t\t<\/div>\n\t\t","protected":false},"excerpt":{"rendered":"<p>Naviga\u021bie \u00centreb\u0103ri frecvente<\/p>\n","protected":false},"author":1,"featured_media":0,"parent":0,"menu_order":0,"comment_status":"closed","ping_status":"closed","template":"elementor_header_footer","meta":{"footnotes":""},"acf":[],"_links":{"self":[{"href":"https:\/\/partner.brainmarket.cz\/ro\/wp-json\/wp\/v2\/pages\/525"}],"collection":[{"href":"https:\/\/partner.brainmarket.cz\/ro\/wp-json\/wp\/v2\/pages"}],"about":[{"href":"https:\/\/partner.brainmarket.cz\/ro\/wp-json\/wp\/v2\/types\/page"}],"author":[{"embeddable":true,"href":"https:\/\/partner.brainmarket.cz\/ro\/wp-json\/wp\/v2\/users\/1"}],"replies":[{"embeddable":true,"href":"https:\/\/partner.brainmarket.cz\/ro\/wp-json\/wp\/v2\/comments?post=525"}],"version-history":[{"count":1,"href":"https:\/\/partner.brainmarket.cz\/ro\/wp-json\/wp\/v2\/pages\/525\/revisions"}],"predecessor-version":[{"id":533,"href":"https:\/\/partner.brainmarket.cz\/ro\/wp-json\/wp\/v2\/pages\/525\/revisions\/533"}],"wp:attachment":[{"href":"https:\/\/partner.brainmarket.cz\/ro\/wp-json\/wp\/v2\/media?parent=525"}],"curies":[{"name":"wp","href":"https:\/\/api.w.org\/{rel}","templated":true}]}}