{"id":498,"date":"2023-07-07T10:23:50","date_gmt":"2023-07-07T10:23:50","guid":{"rendered":"https:\/\/partner.brainmarket.cz\/prezentare-generala-a-comisioanelor\/"},"modified":"2025-03-28T06:40:00","modified_gmt":"2025-03-28T06:40:00","slug":"prezentare-generala-a-comisioanelor","status":"publish","type":"page","link":"https:\/\/partner.brainmarket.cz\/ro\/prezentare-generala-a-comisioanelor\/","title":{"rendered":"Prezentare general\u0103 a comisioanelor"},"content":{"rendered":"\t\t<div data-elementor-type=\"wp-page\" data-elementor-id=\"498\" class=\"elementor elementor-498 elementor-51\" data-elementor-post-type=\"page\">\n\t\t\t\t\t\t\t<div class=\"elementor-element elementor-element-8664de7 e-con-full e-flex e-con e-parent\" data-id=\"8664de7\" data-element_type=\"container\" id=\"dashboard-wrap\" data-settings=\"{&quot;content_width&quot;:&quot;full&quot;}\" data-core-v316-plus=\"true\">\n\t\t<div class=\"elementor-element elementor-element-49f8f494 e-con-full e-flex e-con e-child\" data-id=\"49f8f494\" data-element_type=\"container\" id=\"dashboard-sidebar\" data-settings=\"{&quot;content_width&quot;:&quot;full&quot;,&quot;background_background&quot;:&quot;classic&quot;}\">\n\t\t\t\t<div class=\"elementor-element elementor-element-681a33f1 elementor-widget elementor-widget-heading\" data-id=\"681a33f1\" data-element_type=\"widget\" data-widget_type=\"heading.default\">\n\t\t\t\t<div class=\"elementor-widget-container\">\n\t\t\t<style>\/*! elementor - v3.16.0 - 17-10-2023 *\/\n.elementor-heading-title{padding:0;margin:0;line-height:1}.elementor-widget-heading .elementor-heading-title[class*=elementor-size-]>a{color:inherit;font-size:inherit;line-height:inherit}.elementor-widget-heading .elementor-heading-title.elementor-size-small{font-size:15px}.elementor-widget-heading .elementor-heading-title.elementor-size-medium{font-size:19px}.elementor-widget-heading .elementor-heading-title.elementor-size-large{font-size:29px}.elementor-widget-heading .elementor-heading-title.elementor-size-xl{font-size:39px}.elementor-widget-heading .elementor-heading-title.elementor-size-xxl{font-size:59px}<\/style><h3 class=\"elementor-heading-title elementor-size-default\">Naviga\u021bie<\/h3>\t\t<\/div>\n\t\t\t\t<\/div>\n\t\t\t\t<div class=\"elementor-element elementor-element-46725b13 elementor-nav-menu--dropdown-none elementor-widget elementor-widget-nav-menu\" data-id=\"46725b13\" data-element_type=\"widget\" id=\"c-sidebar-menu\" data-settings=\"{&quot;layout&quot;:&quot;vertical&quot;,&quot;submenu_icon&quot;:{&quot;value&quot;:&quot;&lt;i class=\\&quot;fas fa-caret-down\\&quot;&gt;&lt;\\\/i&gt;&quot;,&quot;library&quot;:&quot;fa-solid&quot;}}\" data-widget_type=\"nav-menu.default\">\n\t\t\t\t<div class=\"elementor-widget-container\">\n\t\t\t<link rel=\"stylesheet\" href=\"https:\/\/partner.brainmarket.cz\/wp-content\/uploads\/elementor\/css\/custom-pro-widget-nav-menu.min.css?ver=1771576160\">\t\t\t<nav class=\"elementor-nav-menu--main elementor-nav-menu__container elementor-nav-menu--layout-vertical e--pointer-background e--animation-fade\">\n\t\t\t\t<ul id=\"menu-1-46725b13\" class=\"elementor-nav-menu sm-vertical\"><li class=\"menu-item menu-item-type-post_type menu-item-object-page menu-item-69\"><a href=\"https:\/\/partner.brainmarket.cz\/muj-ucet\/\" class=\"elementor-item\">Contul meu<\/a><\/li>\n<li class=\"menu-item menu-item-type-post_type menu-item-object-page menu-item-68\"><a href=\"https:\/\/partner.brainmarket.cz\/materialy\/\" class=\"elementor-item\">Materiale<\/a><\/li>\n<li class=\"menu-item menu-item-type-post_type menu-item-object-page menu-item-67\"><a href=\"https:\/\/partner.brainmarket.cz\/faq\/\" class=\"elementor-item\">\u00ceNTREB\u0102RI FRECVENTE<\/a><\/li>\n<li class=\"menu-item menu-item-type-post_type menu-item-object-page menu-item-2600\"><a href=\"https:\/\/partner.brainmarket.cz\/verejny-profil\/\" class=\"elementor-item\">Profil public<\/a><\/li>\n<\/ul>\t\t\t<\/nav>\n\t\t\t\t\t\t<nav class=\"elementor-nav-menu--dropdown elementor-nav-menu__container\" aria-hidden=\"true\">\n\t\t\t\t<ul id=\"menu-2-46725b13\" class=\"elementor-nav-menu sm-vertical\"><li class=\"menu-item menu-item-type-post_type menu-item-object-page menu-item-69\"><a href=\"https:\/\/partner.brainmarket.cz\/muj-ucet\/\" class=\"elementor-item\" tabindex=\"-1\">Contul meu<\/a><\/li>\n<li class=\"menu-item menu-item-type-post_type menu-item-object-page menu-item-68\"><a href=\"https:\/\/partner.brainmarket.cz\/materialy\/\" class=\"elementor-item\" tabindex=\"-1\">Materiale<\/a><\/li>\n<li class=\"menu-item menu-item-type-post_type menu-item-object-page menu-item-67\"><a href=\"https:\/\/partner.brainmarket.cz\/faq\/\" class=\"elementor-item\" tabindex=\"-1\">\u00ceNTREB\u0102RI FRECVENTE<\/a><\/li>\n<li class=\"menu-item menu-item-type-post_type menu-item-object-page menu-item-2600\"><a href=\"https:\/\/partner.brainmarket.cz\/verejny-profil\/\" class=\"elementor-item\" tabindex=\"-1\">Profil public<\/a><\/li>\n<\/ul>\t\t\t<\/nav>\n\t\t\t\t<\/div>\n\t\t\t\t<\/div>\n\t\t\t\t<div class=\"elementor-element elementor-element-31743ce9 elementor-widget elementor-widget-template\" data-id=\"31743ce9\" data-element_type=\"widget\" data-widget_type=\"template.default\">\n\t\t\t\t<div class=\"elementor-widget-container\">\n\t\t\t\t\t<div class=\"elementor-template\">\n\t\t\t\t\t<div data-elementor-type=\"section\" data-elementor-id=\"586\" class=\"elementor elementor-586 elementor-83\" data-elementor-post-type=\"elementor_library\">\n\t\t\t\t\t\t<div class=\"elementor-element elementor-element-0d5498d e-flex e-con-boxed e-con e-parent\" data-id=\"0d5498d\" data-element_type=\"container\" data-settings=\"{&quot;content_width&quot;:&quot;boxed&quot;}\" data-core-v316-plus=\"true\">\n\t\t\t\t\t<div class=\"e-con-inner\">\n\t\t<div class=\"elementor-element elementor-element-26e8bc5 c-manager-box e-flex e-con-boxed e-con e-child\" data-id=\"26e8bc5\" data-element_type=\"container\" data-settings=\"{&quot;content_width&quot;:&quot;boxed&quot;}\">\n\t\t\t\t\t<div class=\"e-con-inner\">\n\t\t\t\t<div class=\"elementor-element elementor-element-a794b03 elementor-align-center elementor-icon-list--layout-traditional elementor-list-item-link-full_width elementor-widget elementor-widget-icon-list\" data-id=\"a794b03\" data-element_type=\"widget\" data-widget_type=\"icon-list.default\">\n\t\t\t\t<div class=\"elementor-widget-container\">\n\t\t\t<link rel=\"stylesheet\" href=\"https:\/\/partner.brainmarket.cz\/wp-content\/uploads\/elementor\/css\/custom-widget-icon-list.min.css?ver=1771576160\">\t\t<ul class=\"elementor-icon-list-items\">\n\t\t\t\t\t\t\t<li class=\"elementor-icon-list-item\">\n\t\t\t\t\t\t\t\t\t\t<span class=\"elementor-icon-list-text\"><p class='contact-box__name'><\/p><\/span>\n\t\t\t\t\t\t\t\t\t<\/li>\n\t\t\t\t\t\t\t\t<li class=\"elementor-icon-list-item\">\n\t\t\t\t\t\t\t\t\t\t<span class=\"elementor-icon-list-text\"><p class='contact-box__position'><\/p><\/span>\n\t\t\t\t\t\t\t\t\t<\/li>\n\t\t\t\t\t\t\t\t<li class=\"elementor-icon-list-item\">\n\t\t\t\t\t\t\t\t\t\t<span class=\"elementor-icon-list-text\"><a href='tel:' class='contact-box__phone'><\/a><\/span>\n\t\t\t\t\t\t\t\t\t<\/li>\n\t\t\t\t\t\t\t\t<li class=\"elementor-icon-list-item\">\n\t\t\t\t\t\t\t\t\t\t<span class=\"elementor-icon-list-text\"><a href='mailto:' class='contact-box__email'><\/a><\/span>\n\t\t\t\t\t\t\t\t\t<\/li>\n\t\t\t\t\t\t<\/ul>\n\t\t\t\t<\/div>\n\t\t\t\t<\/div>\n\t\t\t\t\t<\/div>\n\t\t\t\t<\/div>\n\t\t\t\t\t<\/div>\n\t\t\t\t<\/div>\n\t\t\t\t\t\t<\/div>\n\t\t\t\t<\/div>\n\t\t\t\t<\/div>\n\t\t\t\t<\/div>\n\t\t\t\t<\/div>\n\t\t<div class=\"elementor-element elementor-element-cbfe1a9 e-con-full e-flex e-con e-child\" data-id=\"cbfe1a9\" data-element_type=\"container\" id=\"dashboard-body\" data-settings=\"{&quot;content_width&quot;:&quot;full&quot;}\">\n\t\t<div class=\"elementor-element elementor-element-762f28d e-con-full e-flex e-con e-child\" data-id=\"762f28d\" data-element_type=\"container\" data-settings=\"{&quot;content_width&quot;:&quot;full&quot;}\">\n\t\t\t\t<div class=\"elementor-element elementor-element-3b46fe6 elementor-widget elementor-widget-heading\" data-id=\"3b46fe6\" data-element_type=\"widget\" data-widget_type=\"heading.default\">\n\t\t\t\t<div class=\"elementor-widget-container\">\n\t\t\t<h1 class=\"elementor-heading-title elementor-size-default\">C\u00e2\u0219tigurile dumneavoastr\u0103<\/h1>\t\t<\/div>\n\t\t\t\t<\/div>\n\t\t\t\t<div class=\"elementor-element elementor-element-700861a elementor-widget elementor-widget-text-editor\" data-id=\"700861a\" data-element_type=\"widget\" data-widget_type=\"text-editor.default\">\n\t\t\t\t<div class=\"elementor-widget-container\">\n\t\t\t<style>\/*! elementor - v3.16.0 - 17-10-2023 *\/\n.elementor-widget-text-editor.elementor-drop-cap-view-stacked .elementor-drop-cap{background-color:#69727d;color:#fff}.elementor-widget-text-editor.elementor-drop-cap-view-framed .elementor-drop-cap{color:#69727d;border:3px solid;background-color:transparent}.elementor-widget-text-editor:not(.elementor-drop-cap-view-default) .elementor-drop-cap{margin-top:8px}.elementor-widget-text-editor:not(.elementor-drop-cap-view-default) .elementor-drop-cap-letter{width:1em;height:1em}.elementor-widget-text-editor .elementor-drop-cap{float:left;text-align:center;line-height:1;font-size:50px}.elementor-widget-text-editor .elementor-drop-cap-letter{display:inline-block}<\/style>\t\t\t\t<p>Aici ve\u021bi g\u0103si doar comisionul pentru comenzile care au fost deja <strong>livrate clientului<\/strong>. Se \u00eent\u00e2mpl\u0103 ca clientul s\u0103 comande la livrare \u0219i s\u0103 nu ia livrarea (nu pl\u0103tim comision pentru a\u0219a ceva).<\/p>\n\t\t\t\t\t\t<\/div>\n\t\t\t\t<\/div>\n\t\t\t\t<div class=\"elementor-element elementor-element-313f75c elementor-widget elementor-widget-shortcode\" data-id=\"313f75c\" data-element_type=\"widget\" data-widget_type=\"shortcode.default\">\n\t\t\t\t<div class=\"elementor-widget-container\">\n\t\t\t\t\t<div class=\"elementor-shortcode\">\n    <div class=\"statistics-tabs\" data-statistics-container>\n        <div class=\"statistics-tabs__header\">\n                    <button class=\"statistics-tab-btn active\" data-tab=\"standard\" data-tooltip=\"Aici ve\u021bi g\u0103si comisionul doar pentru comenzile care au fost deja livrate clientului. Se \u00eent\u00e2mpl\u0103 ca un client s\u0103 comande cu plat\u0103 la livrare \u0219i s\u0103 nu preia coletul (pentru astfel de comenzi nu pl\u0103tim comision).\">\n                Comision final\n                <span class=\"tooltip-icon\">?<\/span>\n            <\/button>\n            <button class=\"statistics-tab-btn \" data-tab=\"all\" data-tooltip=\"Aici ve\u021bi g\u0103si comisioanele pentru toate comenzile, inclusiv cele care nu sunt \u00een starea finalizat\u0103.\n\">\n                Date curente\n                <span class=\"tooltip-icon\">?<\/span>\n            <\/button>\n\n        <\/div>\n        <div class=\"statistics-tabs__content\">\n            <div class=\"statistics-box-wrap active\" data-tab-content=\"standard\">\n                <div class=\"statistics-box-wrap__inner\"><div class=\"statistics-box\">\n            <h3>AZI<\/h3>\n            <p class=\"statistics-box__value\" data-wt-default-price-value=\"0.000000\" data-wt-lang=\"ro\">0,00\u00a0RON<\/p><p class=\"statistics-box__compare stagnant\">0%<\/p><\/div><div class=\"statistics-box\">\n            <h3>30 DE ZILE<\/h3>\n            <p class=\"statistics-box__value\" data-wt-default-price-value=\"0.000000\" data-wt-lang=\"ro\">0,00\u00a0RON<\/p><p class=\"statistics-box__compare stagnant\">0%<\/p><\/div><\/div>\n            <\/div>\n            <div class=\"statistics-box-wrap\" data-tab-content=\"all\">\n                <div class=\"statistics-box-wrap__inner\"><div class=\"statistics-box\">\n            <h3>AZI<\/h3>\n            <p class=\"statistics-box__value\" data-wt-default-price-value=\"0.000000\" data-wt-lang=\"ro\">0,00\u00a0RON<\/p><p class=\"statistics-box__compare stagnant\">0%<\/p><\/div><div class=\"statistics-box\">\n            <h3>30 DE ZILE<\/h3>\n            <p class=\"statistics-box__value\" data-wt-default-price-value=\"0.000000\" data-wt-lang=\"ro\">0,00\u00a0RON<\/p><p class=\"statistics-box__compare stagnant\">0%<\/p><\/div><\/div>\n            <\/div>\n        <\/div>\n    <\/div><\/div>\n\t\t\t\t<\/div>\n\t\t\t\t<\/div>\n\t\t\t\t<\/div>\n\t\t<div class=\"elementor-element elementor-element-01bf030 e-con-full e-flex e-con e-child\" data-id=\"01bf030\" data-element_type=\"container\" data-settings=\"{&quot;content_width&quot;:&quot;full&quot;}\">\n\t\t\t\t<div class=\"elementor-element elementor-element-e610a94 elementor-widget elementor-widget-heading\" data-id=\"e610a94\" data-element_type=\"widget\" data-widget_type=\"heading.default\">\n\t\t\t\t<div class=\"elementor-widget-container\">\n\t\t\t<h1 class=\"elementor-heading-title elementor-size-default\">Prezentare general\u0103 a comisioanelor<\/h1>\t\t<\/div>\n\t\t\t\t<\/div>\n\t\t\t\t<div class=\"elementor-element elementor-element-75df514 elementor-widget elementor-widget-shortcode\" data-id=\"75df514\" data-element_type=\"widget\" data-widget_type=\"shortcode.default\">\n\t\t\t\t<div class=\"elementor-widget-container\">\n\t\t\t\t\t<div class=\"elementor-shortcode\"><div class=\"l-table-wrapper\"><table class=\"l-table\"><tr><th>Luna<\/th><th>Suma comisioanelor<\/th><th>Num\u0103rul de comenzi<\/th><th>Clien\u021bi noi<\/th><th>Recuren\u021bi<\/th><th>Suma pre\u021bului<\/th><th>Pre\u021bul mediu al comenzii<\/th><th>Comision mediu<\/th><th><\/th><\/tr><\/table><\/div><\/div>\n\t\t\t\t<\/div>\n\t\t\t\t<\/div>\n\t\t\t\t<\/div>\n\t\t<div class=\"elementor-element elementor-element-6ab6150 e-con-full e-flex e-con e-child\" data-id=\"6ab6150\" data-element_type=\"container\" data-settings=\"{&quot;content_width&quot;:&quot;full&quot;}\">\n\t\t<div class=\"elementor-element elementor-element-deed080 e-con-full e-flex e-con e-child\" data-id=\"deed080\" data-element_type=\"container\" data-settings=\"{&quot;content_width&quot;:&quot;full&quot;}\">\n\t\t<div class=\"elementor-element elementor-element-2b83849 e-con-full e-flex e-con e-child\" data-id=\"2b83849\" data-element_type=\"container\" data-settings=\"{&quot;content_width&quot;:&quot;full&quot;}\">\n\t\t\t\t<div class=\"elementor-element elementor-element-b66f21a elementor-widget elementor-widget-heading\" data-id=\"b66f21a\" data-element_type=\"widget\" data-widget_type=\"heading.default\">\n\t\t\t\t<div class=\"elementor-widget-container\">\n\t\t\t<h1 class=\"elementor-heading-title elementor-size-default\">Prezentare general\u0103 a produselor TOP din ultimele 30 de zile<\/h1>\t\t<\/div>\n\t\t\t\t<\/div>\n\t\t\t\t<div class=\"elementor-element elementor-element-30c6363 elementor-widget elementor-widget-shortcode\" data-id=\"30c6363\" data-element_type=\"widget\" data-widget_type=\"shortcode.default\">\n\t\t\t\t<div class=\"elementor-widget-container\">\n\t\t\t\t\t<div class=\"elementor-shortcode\"><\/div>\n\t\t\t\t<\/div>\n\t\t\t\t<\/div>\n\t\t\t\t<\/div>\n\t\t\t\t<\/div>\n\t\t\t\t<\/div>\n\t\t<div class=\"elementor-element elementor-element-0620247 e-con-full e-flex e-con e-child\" data-id=\"0620247\" data-element_type=\"container\" data-settings=\"{&quot;content_width&quot;:&quot;full&quot;}\">\n\t\t\t\t<div class=\"elementor-element elementor-element-41c967c elementor-widget elementor-widget-heading\" data-id=\"41c967c\" data-element_type=\"widget\" data-widget_type=\"heading.default\">\n\t\t\t\t<div class=\"elementor-widget-container\">\n\t\t\t<h1 class=\"elementor-heading-title elementor-size-default\">Exportul de date<\/h1>\t\t<\/div>\n\t\t\t\t<\/div>\n\t\t\t\t<div class=\"elementor-element elementor-element-38458d2 elementor-widget elementor-widget-shortcode\" data-id=\"38458d2\" data-element_type=\"widget\" data-widget_type=\"shortcode.default\">\n\t\t\t\t<div class=\"elementor-widget-container\">\n\t\t\t\t\t<div class=\"elementor-shortcode\">  <div class=\"data-filter-box\">\n    <div class=\"data-filter-box__col\">\n      <label for=\"from-date\">Data de la:<\/label>\n      <input type=\"date\" id=\"from-date\" name=\"from-date\">\n    <\/div>\n    <div class=\"data-filter-box__col\">\n      <label for=\"to-date\">Data de:<\/label>\n      <input type=\"date\" id=\"to-date\" name=\"to-date\">\n    <\/div>\n    <div class=\"data-filter-box__col\">\n      <label for=\"data-type\">Tipul de date:<\/label>\n      <select id=\"data-type\" name=\"data-type\">\n        <option value=\"daily\">Date zilnice<\/option>\n        <option value=\"monthly\">Date lunare<\/option>\n      <\/select>\n    <\/div>\n    <div class=\"data-filter-box__col\">\n      <a href=\"\" class=\"btn--black-ico--download\">Desc\u0103rca\u021bi<\/a>\n    <\/div>\n\n  <\/div>\n\n  <script>\n    jQuery(document).ready(function ($) {\n      \/\/ Z\u00edsk\u00e1n\u00ed hodnoty vybran\u00e9ho data z inputu\n      var fromDate = $('#from-date').val();\n      var toDate = $('#to-date').val();\n\n      \/\/ Manipulace s hodnotami dat\n      $('#from-date').on('change', function () {\n        fromDate = $(this).val();\n      });\n\n      $('#to-date').on('change', function () {\n        toDate = $(this).val();\n      });\n\n      \/\/ Odesl\u00e1n\u00ed formul\u00e1\u0159e\n      $('.data-filter-box input[type=\"submit\"]').on('click', function (e) {\n        e.preventDefault();\n\n        console.log('Datum od:', fromDate);\n        console.log('Datum do:', toDate);\n        console.log('Typ dat:', $('#data-type').val());\n      });\n    });\n  <\/script>\n  <\/div>\n\t\t\t\t<\/div>\n\t\t\t\t<\/div>\n\t\t\t\t<\/div>\n\t\t\t\t<\/div>\n\t\t\t\t<\/div>\n\t\t\t\t\t\t\t<\/div>\n\t\t","protected":false},"excerpt":{"rendered":"<p>Naviga\u021bie C\u00e2\u0219tigurile dumneavoastr\u0103 Aici ve\u021bi g\u0103si doar comisionul pentru comenzile care au fost deja livrate clientului. Se \u00eent\u00e2mpl\u0103 ca clientul s\u0103 comande la livrare \u0219i s\u0103 nu ia livrarea (nu pl\u0103tim comision pentru a\u0219a ceva). Prezentare general\u0103 a comisioanelor Prezentare general\u0103 a produselor TOP din ultimele 30 de zile Exportul de date<\/p>\n","protected":false},"author":1,"featured_media":0,"parent":0,"menu_order":0,"comment_status":"closed","ping_status":"closed","template":"elementor_header_footer","meta":{"footnotes":""},"acf":[],"_links":{"self":[{"href":"https:\/\/partner.brainmarket.cz\/ro\/wp-json\/wp\/v2\/pages\/498"}],"collection":[{"href":"https:\/\/partner.brainmarket.cz\/ro\/wp-json\/wp\/v2\/pages"}],"about":[{"href":"https:\/\/partner.brainmarket.cz\/ro\/wp-json\/wp\/v2\/types\/page"}],"author":[{"embeddable":true,"href":"https:\/\/partner.brainmarket.cz\/ro\/wp-json\/wp\/v2\/users\/1"}],"replies":[{"embeddable":true,"href":"https:\/\/partner.brainmarket.cz\/ro\/wp-json\/wp\/v2\/comments?post=498"}],"version-history":[{"count":5,"href":"https:\/\/partner.brainmarket.cz\/ro\/wp-json\/wp\/v2\/pages\/498\/revisions"}],"predecessor-version":[{"id":5552,"href":"https:\/\/partner.brainmarket.cz\/ro\/wp-json\/wp\/v2\/pages\/498\/revisions\/5552"}],"wp:attachment":[{"href":"https:\/\/partner.brainmarket.cz\/ro\/wp-json\/wp\/v2\/media?parent=498"}],"curies":[{"name":"wp","href":"https:\/\/api.w.org\/{rel}","templated":true}]}}