{"id":494,"date":"2023-07-07T10:24:29","date_gmt":"2023-07-07T10:24:29","guid":{"rendered":"https:\/\/partner.brainmarket.cz\/gyik\/"},"modified":"2023-10-24T12:50:06","modified_gmt":"2023-10-24T12:50:06","slug":"gyik","status":"publish","type":"page","link":"https:\/\/partner.brainmarket.cz\/hu\/gyik\/","title":{"rendered":"GYIK"},"content":{"rendered":"\t\t<div data-elementor-type=\"wp-page\" data-elementor-id=\"494\" class=\"elementor elementor-494 elementor-57\" data-elementor-post-type=\"page\">\n\t\t\t\t\t\t\t<div class=\"elementor-element elementor-element-7a95ca3 e-con-full e-flex e-con e-parent\" data-id=\"7a95ca3\" data-element_type=\"container\" id=\"dashboard-wrap\" data-settings=\"{&quot;content_width&quot;:&quot;full&quot;}\" data-core-v316-plus=\"true\">\n\t\t<div class=\"elementor-element elementor-element-0507206 e-con-full e-flex e-con e-child\" data-id=\"0507206\" data-element_type=\"container\" id=\"dashboard-sidebar\" data-settings=\"{&quot;content_width&quot;:&quot;full&quot;,&quot;background_background&quot;:&quot;classic&quot;}\">\n\t\t\t\t<div class=\"elementor-element elementor-element-2c3e870 elementor-widget elementor-widget-heading\" data-id=\"2c3e870\" data-element_type=\"widget\" data-widget_type=\"heading.default\">\n\t\t\t\t<div class=\"elementor-widget-container\">\n\t\t\t<style>\/*! elementor - v3.16.0 - 17-10-2023 *\/\n.elementor-heading-title{padding:0;margin:0;line-height:1}.elementor-widget-heading .elementor-heading-title[class*=elementor-size-]>a{color:inherit;font-size:inherit;line-height:inherit}.elementor-widget-heading .elementor-heading-title.elementor-size-small{font-size:15px}.elementor-widget-heading .elementor-heading-title.elementor-size-medium{font-size:19px}.elementor-widget-heading .elementor-heading-title.elementor-size-large{font-size:29px}.elementor-widget-heading .elementor-heading-title.elementor-size-xl{font-size:39px}.elementor-widget-heading .elementor-heading-title.elementor-size-xxl{font-size:59px}<\/style><h3 class=\"elementor-heading-title elementor-size-default\">Navig\u00e1ci\u00f3<\/h3>\t\t<\/div>\n\t\t\t\t<\/div>\n\t\t\t\t<div class=\"elementor-element elementor-element-ca87044 elementor-nav-menu--dropdown-none elementor-widget elementor-widget-nav-menu\" data-id=\"ca87044\" data-element_type=\"widget\" id=\"c-sidebar-menu\" data-settings=\"{&quot;layout&quot;:&quot;vertical&quot;,&quot;submenu_icon&quot;:{&quot;value&quot;:&quot;&lt;i class=\\&quot;fas fa-caret-down\\&quot;&gt;&lt;\\\/i&gt;&quot;,&quot;library&quot;:&quot;fa-solid&quot;}}\" data-widget_type=\"nav-menu.default\">\n\t\t\t\t<div class=\"elementor-widget-container\">\n\t\t\t<link rel=\"stylesheet\" href=\"https:\/\/partner.brainmarket.cz\/wp-content\/uploads\/elementor\/css\/custom-pro-widget-nav-menu.min.css?ver=1771576160\">\t\t\t<nav class=\"elementor-nav-menu--main elementor-nav-menu__container elementor-nav-menu--layout-vertical e--pointer-background e--animation-fade\">\n\t\t\t\t<ul id=\"menu-1-ca87044\" class=\"elementor-nav-menu sm-vertical\"><li class=\"menu-item menu-item-type-post_type menu-item-object-page menu-item-69\"><a href=\"https:\/\/partner.brainmarket.cz\/muj-ucet\/\" class=\"elementor-item\">Az \u00e9n sz\u00e1ml\u00e1m<\/a><\/li>\n<li class=\"menu-item menu-item-type-post_type menu-item-object-page menu-item-68\"><a href=\"https:\/\/partner.brainmarket.cz\/materialy\/\" class=\"elementor-item\">Anyagok<\/a><\/li>\n<li class=\"menu-item menu-item-type-post_type menu-item-object-page menu-item-67\"><a href=\"https:\/\/partner.brainmarket.cz\/faq\/\" class=\"elementor-item\">GYIK<\/a><\/li>\n<li class=\"menu-item menu-item-type-post_type menu-item-object-page menu-item-2600\"><a href=\"https:\/\/partner.brainmarket.cz\/verejny-profil\/\" class=\"elementor-item\">Nyilv\u00e1nos profil<\/a><\/li>\n<\/ul>\t\t\t<\/nav>\n\t\t\t\t\t\t<nav class=\"elementor-nav-menu--dropdown elementor-nav-menu__container\" aria-hidden=\"true\">\n\t\t\t\t<ul id=\"menu-2-ca87044\" class=\"elementor-nav-menu sm-vertical\"><li class=\"menu-item menu-item-type-post_type menu-item-object-page menu-item-69\"><a href=\"https:\/\/partner.brainmarket.cz\/muj-ucet\/\" class=\"elementor-item\" tabindex=\"-1\">Az \u00e9n sz\u00e1ml\u00e1m<\/a><\/li>\n<li class=\"menu-item menu-item-type-post_type menu-item-object-page menu-item-68\"><a href=\"https:\/\/partner.brainmarket.cz\/materialy\/\" class=\"elementor-item\" tabindex=\"-1\">Anyagok<\/a><\/li>\n<li class=\"menu-item menu-item-type-post_type menu-item-object-page menu-item-67\"><a href=\"https:\/\/partner.brainmarket.cz\/faq\/\" class=\"elementor-item\" tabindex=\"-1\">GYIK<\/a><\/li>\n<li class=\"menu-item menu-item-type-post_type menu-item-object-page menu-item-2600\"><a href=\"https:\/\/partner.brainmarket.cz\/verejny-profil\/\" class=\"elementor-item\" tabindex=\"-1\">Nyilv\u00e1nos profil<\/a><\/li>\n<\/ul>\t\t\t<\/nav>\n\t\t\t\t<\/div>\n\t\t\t\t<\/div>\n\t\t\t\t<div class=\"elementor-element elementor-element-84d1bac elementor-widget elementor-widget-template\" data-id=\"84d1bac\" data-element_type=\"widget\" data-widget_type=\"template.default\">\n\t\t\t\t<div class=\"elementor-widget-container\">\n\t\t\t\t\t<div class=\"elementor-template\">\n\t\t\t\t\t<div data-elementor-type=\"section\" data-elementor-id=\"554\" class=\"elementor elementor-554 elementor-83\" data-elementor-post-type=\"elementor_library\">\n\t\t\t\t\t\t<div class=\"elementor-element elementor-element-0d5498d e-flex e-con-boxed e-con e-parent\" data-id=\"0d5498d\" data-element_type=\"container\" data-settings=\"{&quot;content_width&quot;:&quot;boxed&quot;}\" data-core-v316-plus=\"true\">\n\t\t\t\t\t<div class=\"e-con-inner\">\n\t\t<div class=\"elementor-element elementor-element-26e8bc5 c-manager-box e-flex e-con-boxed e-con e-child\" data-id=\"26e8bc5\" data-element_type=\"container\" data-settings=\"{&quot;content_width&quot;:&quot;boxed&quot;}\">\n\t\t\t\t\t<div class=\"e-con-inner\">\n\t\t\t\t<div class=\"elementor-element elementor-element-a794b03 elementor-align-center elementor-icon-list--layout-traditional elementor-list-item-link-full_width elementor-widget elementor-widget-icon-list\" data-id=\"a794b03\" data-element_type=\"widget\" data-widget_type=\"icon-list.default\">\n\t\t\t\t<div class=\"elementor-widget-container\">\n\t\t\t<link rel=\"stylesheet\" href=\"https:\/\/partner.brainmarket.cz\/wp-content\/uploads\/elementor\/css\/custom-widget-icon-list.min.css?ver=1771576160\">\t\t<ul class=\"elementor-icon-list-items\">\n\t\t\t\t\t\t\t<li class=\"elementor-icon-list-item\">\n\t\t\t\t\t\t\t\t\t\t<span class=\"elementor-icon-list-text\"><p class='contact-box__name'><\/p><\/span>\n\t\t\t\t\t\t\t\t\t<\/li>\n\t\t\t\t\t\t\t\t<li class=\"elementor-icon-list-item\">\n\t\t\t\t\t\t\t\t\t\t<span class=\"elementor-icon-list-text\"><p class='contact-box__position'><\/p><\/span>\n\t\t\t\t\t\t\t\t\t<\/li>\n\t\t\t\t\t\t\t\t<li class=\"elementor-icon-list-item\">\n\t\t\t\t\t\t\t\t\t\t<span class=\"elementor-icon-list-text\"><a href='tel:' class='contact-box__phone'><\/a><\/span>\n\t\t\t\t\t\t\t\t\t<\/li>\n\t\t\t\t\t\t\t\t<li class=\"elementor-icon-list-item\">\n\t\t\t\t\t\t\t\t\t\t<span class=\"elementor-icon-list-text\"><a href='mailto:' class='contact-box__email'><\/a><\/span>\n\t\t\t\t\t\t\t\t\t<\/li>\n\t\t\t\t\t\t<\/ul>\n\t\t\t\t<\/div>\n\t\t\t\t<\/div>\n\t\t\t\t\t<\/div>\n\t\t\t\t<\/div>\n\t\t\t\t\t<\/div>\n\t\t\t\t<\/div>\n\t\t\t\t\t\t<\/div>\n\t\t\t\t<\/div>\n\t\t\t\t<\/div>\n\t\t\t\t<\/div>\n\t\t\t\t<\/div>\n\t\t<div class=\"elementor-element elementor-element-cfdc776 e-con-full e-flex e-con e-child\" data-id=\"cfdc776\" data-element_type=\"container\" id=\"dashboard-body\" data-settings=\"{&quot;content_width&quot;:&quot;full&quot;}\">\n\t\t\t\t<div class=\"elementor-element elementor-element-c204b6f elementor-widget elementor-widget-heading\" data-id=\"c204b6f\" data-element_type=\"widget\" data-widget_type=\"heading.default\">\n\t\t\t\t<div class=\"elementor-widget-container\">\n\t\t\t<h1 class=\"elementor-heading-title elementor-size-default\">Gyakran ism\u00e9telt k\u00e9rd\u00e9sek<\/h1>\t\t<\/div>\n\t\t\t\t<\/div>\n\t\t\t\t<div class=\"elementor-element elementor-element-37d4a69 elementor-widget elementor-widget-shortcode\" data-id=\"37d4a69\" data-element_type=\"widget\" data-widget_type=\"shortcode.default\">\n\t\t\t\t<div class=\"elementor-widget-container\">\n\t\t\t\t\t<div class=\"elementor-shortcode\"><div class=\"accordion-widget elementor-accordion\">\n        <div class=\"accordion-item\">\n            <div class=\"accordion-header\">\n                <span class=\"accordion-title\">Mikor \u00e9s hogyan kapom meg a jutal\u00e9kot?<\/span>\n                <span class=\"accordion-icon\">+<\/span>\n            <\/div>\n            <div class=\"accordion-content\">A jutal\u00e9k a k\u00f6vetkez\u0151 h\u00f3nap 20. napj\u00e1n ker\u00fcl kifizet\u00e9sre. Csak a sikeresen k\u00e9zbes\u00edtett rendel\u00e9sek ut\u00e1n sz\u00e1m\u00edtj\u00e1k fel.<\/div>\n        <\/div>\n        <div class=\"accordion-item\">\n            <div class=\"accordion-header\">\n                <span class=\"accordion-title\">A rendel\u00e9semet fizet\u00e9s sz\u00fcks\u00e9ges, mit tegyek?<\/span>\n                <span class=\"accordion-icon\">+<\/span>\n            <\/div>\n            <div class=\"accordion-content\">Amennyiben 1 nap eltelt\u00e9vel a rendel\u00e9se m\u00e9g nem ker\u00fcl feldolgoz\u00e1sra \u00e9s fizet\u00e9st ig\u00e9nyel, l\u00e9pjen kapcsolatba velem a kozubkova@brainmarket.cz c\u00edmen, vagy egyszer\u0171en \u00edrjon \u00fczenetet Instagramon.<\/div>\n        <\/div>\n        <div class=\"accordion-item\">\n            <div class=\"accordion-header\">\n                <span class=\"accordion-title\">Lehets\u00e9ges a budget n\u00f6vel\u00e9se?<\/span>\n                <span class=\"accordion-icon\">+<\/span>\n            <\/div>\n            <div class=\"accordion-content\">Igen, nagyra \u00e9rt\u00e9kelj\u00fck alkot\u00f3ink er\u0151fesz\u00edt\u00e9seit \u00e9s kreativit\u00e1s\u00e1t, ez\u00e9rt ha akt\u00edvak lesznek, megosztj\u00e1k a tartalmakat term\u00e9keinkkel, vagy tov\u00e1bbi oktat\u00e1si vagy sz\u00f3rakoztat\u00f3 vide\u00f3kat k\u00e9sz\u00edtenek, biztosan megjutalmazzuk \u0151ket. Ak\u00e1r a budget n\u00f6vel\u00e9se form\u00e1j\u00e1ban, ak\u00e1r \u00fajdons\u00e1gokat tartalmaz\u00f3 mystery csomagok form\u00e1j\u00e1ban.<\/div>\n        <\/div><\/div><\/div>\n\t\t\t\t<\/div>\n\t\t\t\t<\/div>\n\t\t\t\t<\/div>\n\t\t<div class=\"elementor-element elementor-element-6c2ef8d e-con-full e-flex e-con e-child\" data-id=\"6c2ef8d\" data-element_type=\"container\" data-settings=\"{&quot;content_width&quot;:&quot;full&quot;}\">\n\t\t\t\t<div class=\"elementor-element elementor-element-7bd8078 elementor-widget elementor-widget-shortcode\" data-id=\"7bd8078\" data-element_type=\"widget\" data-settings=\"{&quot;sticky&quot;:&quot;top&quot;,&quot;sticky_parent&quot;:&quot;yes&quot;,&quot;sticky_on&quot;:[&quot;desktop&quot;,&quot;laptop&quot;],&quot;sticky_offset&quot;:0,&quot;sticky_effects_offset&quot;:0}\" data-widget_type=\"shortcode.default\">\n\t\t\t\t<div class=\"elementor-widget-container\">\n\t\t\t\t\t<div class=\"elementor-shortcode\"><\/div>\n\t\t\t\t<\/div>\n\t\t\t\t<\/div>\n\t\t\t\t<\/div>\n\t\t\t\t<\/div>\n\t\t\t\t\t\t\t<\/div>\n\t\t","protected":false},"excerpt":{"rendered":"<p>Navig\u00e1ci\u00f3 Gyakran ism\u00e9telt k\u00e9rd\u00e9sek<\/p>\n","protected":false},"author":1,"featured_media":0,"parent":0,"menu_order":0,"comment_status":"closed","ping_status":"closed","template":"elementor_header_footer","meta":{"footnotes":""},"acf":[],"_links":{"self":[{"href":"https:\/\/partner.brainmarket.cz\/hu\/wp-json\/wp\/v2\/pages\/494"}],"collection":[{"href":"https:\/\/partner.brainmarket.cz\/hu\/wp-json\/wp\/v2\/pages"}],"about":[{"href":"https:\/\/partner.brainmarket.cz\/hu\/wp-json\/wp\/v2\/types\/page"}],"author":[{"embeddable":true,"href":"https:\/\/partner.brainmarket.cz\/hu\/wp-json\/wp\/v2\/users\/1"}],"replies":[{"embeddable":true,"href":"https:\/\/partner.brainmarket.cz\/hu\/wp-json\/wp\/v2\/comments?post=494"}],"version-history":[{"count":1,"href":"https:\/\/partner.brainmarket.cz\/hu\/wp-json\/wp\/v2\/pages\/494\/revisions"}],"predecessor-version":[{"id":495,"href":"https:\/\/partner.brainmarket.cz\/hu\/wp-json\/wp\/v2\/pages\/494\/revisions\/495"}],"wp:attachment":[{"href":"https:\/\/partner.brainmarket.cz\/hu\/wp-json\/wp\/v2\/media?parent=494"}],"curies":[{"name":"wp","href":"https:\/\/api.w.org\/{rel}","templated":true}]}}