{"id":8741,"date":"2025-03-11T06:26:18","date_gmt":"2025-03-11T06:26:18","guid":{"rendered":"https:\/\/partner.brainmarket.cz\/%d0%bf%d1%83%d0%b1%d0%bb%d0%b8%d1%87%d0%b5%d0%bd-%d0%bf%d1%80%d0%be%d1%84%d0%b8%d0%bb\/"},"modified":"2026-03-05T12:21:52","modified_gmt":"2026-03-05T12:21:52","slug":"%d0%bf%d1%83%d0%b1%d0%bb%d0%b8%d1%87%d0%b5%d0%bd-%d0%bf%d1%80%d0%be%d1%84%d0%b8%d0%bb","status":"publish","type":"page","link":"https:\/\/partner.brainmarket.cz\/bg\/%d0%bf%d1%83%d0%b1%d0%bb%d0%b8%d1%87%d0%b5%d0%bd-%d0%bf%d1%80%d0%be%d1%84%d0%b8%d0%bb\/","title":{"rendered":"\u041f\u0443\u0431\u043b\u0438\u0447\u0435\u043d \u043f\u0440\u043e\u0444\u0438\u043b"},"content":{"rendered":"\t\t<div data-elementor-type=\"wp-page\" data-elementor-id=\"8741\" class=\"elementor elementor-8741 elementor-1205\" data-elementor-post-type=\"page\">\n\t\t\t\t\t\t\t<div class=\"elementor-element elementor-element-3142a18 e-con-full e-flex e-con e-parent\" data-id=\"3142a18\" data-element_type=\"container\" id=\"dashboard-wrap\" data-settings=\"{&quot;content_width&quot;:&quot;full&quot;}\" data-core-v316-plus=\"true\">\n\t\t<div class=\"elementor-element elementor-element-3279a3c1 e-con-full e-flex e-con e-child\" data-id=\"3279a3c1\" data-element_type=\"container\" id=\"dashboard-sidebar\" data-settings=\"{&quot;content_width&quot;:&quot;full&quot;,&quot;background_background&quot;:&quot;classic&quot;}\">\n\t\t\t\t<div class=\"elementor-element elementor-element-4623b6a4 elementor-widget elementor-widget-heading\" data-id=\"4623b6a4\" data-element_type=\"widget\" data-widget_type=\"heading.default\">\n\t\t\t\t<div class=\"elementor-widget-container\">\n\t\t\t<style>\/*! elementor - v3.16.0 - 17-10-2023 *\/\n.elementor-heading-title{padding:0;margin:0;line-height:1}.elementor-widget-heading .elementor-heading-title[class*=elementor-size-]>a{color:inherit;font-size:inherit;line-height:inherit}.elementor-widget-heading .elementor-heading-title.elementor-size-small{font-size:15px}.elementor-widget-heading .elementor-heading-title.elementor-size-medium{font-size:19px}.elementor-widget-heading .elementor-heading-title.elementor-size-large{font-size:29px}.elementor-widget-heading .elementor-heading-title.elementor-size-xl{font-size:39px}.elementor-widget-heading .elementor-heading-title.elementor-size-xxl{font-size:59px}<\/style><h3 class=\"elementor-heading-title elementor-size-default\">\u041d\u0430\u0432\u0438\u0433\u0430\u0446\u0438\u044f<\/h3>\t\t<\/div>\n\t\t\t\t<\/div>\n\t\t\t\t<div class=\"elementor-element elementor-element-7dd6494b elementor-nav-menu--dropdown-none elementor-widget elementor-widget-nav-menu\" data-id=\"7dd6494b\" data-element_type=\"widget\" id=\"c-sidebar-menu\" data-settings=\"{&quot;layout&quot;:&quot;vertical&quot;,&quot;submenu_icon&quot;:{&quot;value&quot;:&quot;&lt;i class=\\&quot;fas fa-caret-down\\&quot;&gt;&lt;\\\/i&gt;&quot;,&quot;library&quot;:&quot;fa-solid&quot;}}\" data-widget_type=\"nav-menu.default\">\n\t\t\t\t<div class=\"elementor-widget-container\">\n\t\t\t<link rel=\"stylesheet\" href=\"https:\/\/partner.brainmarket.cz\/wp-content\/uploads\/elementor\/css\/custom-pro-widget-nav-menu.min.css?ver=1771576160\">\t\t\t<nav class=\"elementor-nav-menu--main elementor-nav-menu__container elementor-nav-menu--layout-vertical e--pointer-background e--animation-fade\">\n\t\t\t\t<ul id=\"menu-1-7dd6494b\" class=\"elementor-nav-menu sm-vertical\"><li class=\"menu-item menu-item-type-post_type menu-item-object-page menu-item-69\"><a href=\"https:\/\/partner.brainmarket.cz\/muj-ucet\/\" class=\"elementor-item\">\u041c\u043e\u044f\u0442 \u0430\u043a\u0430\u0443\u043d\u0442<\/a><\/li>\n<li class=\"menu-item menu-item-type-post_type menu-item-object-page menu-item-68\"><a href=\"https:\/\/partner.brainmarket.cz\/materialy\/\" class=\"elementor-item\">\u041c\u0430\u0442\u0435\u0440\u0438\u0430\u043b\u0438<\/a><\/li>\n<li class=\"menu-item menu-item-type-post_type menu-item-object-page menu-item-67\"><a href=\"https:\/\/partner.brainmarket.cz\/faq\/\" class=\"elementor-item\">\u0427\u0415\u0421\u0422\u041e \u0417\u0410\u0414\u0410\u0412\u0410\u041d\u0418 \u0412\u042a\u041f\u0420\u041e\u0421\u0418<\/a><\/li>\n<li class=\"menu-item menu-item-type-post_type menu-item-object-page menu-item-2600\"><a href=\"https:\/\/partner.brainmarket.cz\/verejny-profil\/\" class=\"elementor-item\">\u041f\u0443\u0431\u043b\u0438\u0447\u0435\u043d \u043f\u0440\u043e\u0444\u0438\u043b<\/a><\/li>\n<\/ul>\t\t\t<\/nav>\n\t\t\t\t\t\t<nav class=\"elementor-nav-menu--dropdown elementor-nav-menu__container\" aria-hidden=\"true\">\n\t\t\t\t<ul id=\"menu-2-7dd6494b\" class=\"elementor-nav-menu sm-vertical\"><li class=\"menu-item menu-item-type-post_type menu-item-object-page menu-item-69\"><a href=\"https:\/\/partner.brainmarket.cz\/muj-ucet\/\" class=\"elementor-item\" tabindex=\"-1\">\u041c\u043e\u044f\u0442 \u0430\u043a\u0430\u0443\u043d\u0442<\/a><\/li>\n<li class=\"menu-item menu-item-type-post_type menu-item-object-page menu-item-68\"><a href=\"https:\/\/partner.brainmarket.cz\/materialy\/\" class=\"elementor-item\" tabindex=\"-1\">\u041c\u0430\u0442\u0435\u0440\u0438\u0430\u043b\u0438<\/a><\/li>\n<li class=\"menu-item menu-item-type-post_type menu-item-object-page menu-item-67\"><a href=\"https:\/\/partner.brainmarket.cz\/faq\/\" class=\"elementor-item\" tabindex=\"-1\">\u0427\u0415\u0421\u0422\u041e \u0417\u0410\u0414\u0410\u0412\u0410\u041d\u0418 \u0412\u042a\u041f\u0420\u041e\u0421\u0418<\/a><\/li>\n<li class=\"menu-item menu-item-type-post_type menu-item-object-page menu-item-2600\"><a href=\"https:\/\/partner.brainmarket.cz\/verejny-profil\/\" class=\"elementor-item\" tabindex=\"-1\">\u041f\u0443\u0431\u043b\u0438\u0447\u0435\u043d \u043f\u0440\u043e\u0444\u0438\u043b<\/a><\/li>\n<\/ul>\t\t\t<\/nav>\n\t\t\t\t<\/div>\n\t\t\t\t<\/div>\n\t\t\t\t<div class=\"elementor-element elementor-element-102b291 elementor-widget elementor-widget-template\" data-id=\"102b291\" data-element_type=\"widget\" data-widget_type=\"template.default\">\n\t\t\t\t<div class=\"elementor-widget-container\">\n\t\t\t\t\t<div class=\"elementor-template\">\n\t\t\t\t\t<div data-elementor-type=\"section\" data-elementor-id=\"8756\" class=\"elementor elementor-8756 elementor-83\" data-elementor-post-type=\"elementor_library\">\n\t\t\t\t\t\t<div class=\"elementor-element elementor-element-0d5498d e-flex e-con-boxed e-con e-parent\" data-id=\"0d5498d\" data-element_type=\"container\" data-settings=\"{&quot;content_width&quot;:&quot;boxed&quot;}\" data-core-v316-plus=\"true\">\n\t\t\t\t\t<div class=\"e-con-inner\">\n\t\t<div class=\"elementor-element elementor-element-26e8bc5 c-manager-box e-flex e-con-boxed e-con e-child\" data-id=\"26e8bc5\" data-element_type=\"container\" data-settings=\"{&quot;content_width&quot;:&quot;boxed&quot;}\">\n\t\t\t\t\t<div class=\"e-con-inner\">\n\t\t\t\t<div class=\"elementor-element elementor-element-a794b03 elementor-align-center elementor-icon-list--layout-traditional elementor-list-item-link-full_width elementor-widget elementor-widget-icon-list\" data-id=\"a794b03\" data-element_type=\"widget\" data-widget_type=\"icon-list.default\">\n\t\t\t\t<div class=\"elementor-widget-container\">\n\t\t\t<link rel=\"stylesheet\" href=\"https:\/\/partner.brainmarket.cz\/wp-content\/uploads\/elementor\/css\/custom-widget-icon-list.min.css?ver=1771576160\">\t\t<ul class=\"elementor-icon-list-items\">\n\t\t\t\t\t\t\t<li class=\"elementor-icon-list-item\">\n\t\t\t\t\t\t\t\t\t\t<span class=\"elementor-icon-list-text\"><p class='contact-box__name'><\/p><\/span>\n\t\t\t\t\t\t\t\t\t<\/li>\n\t\t\t\t\t\t\t\t<li class=\"elementor-icon-list-item\">\n\t\t\t\t\t\t\t\t\t\t<span class=\"elementor-icon-list-text\"><p class='contact-box__position'><\/p><\/span>\n\t\t\t\t\t\t\t\t\t<\/li>\n\t\t\t\t\t\t\t\t<li class=\"elementor-icon-list-item\">\n\t\t\t\t\t\t\t\t\t\t<span class=\"elementor-icon-list-text\"><a href='tel:' class='contact-box__phone'><\/a><\/span>\n\t\t\t\t\t\t\t\t\t<\/li>\n\t\t\t\t\t\t\t\t<li class=\"elementor-icon-list-item\">\n\t\t\t\t\t\t\t\t\t\t<span class=\"elementor-icon-list-text\"><a href='mailto:' class='contact-box__email'><\/a><\/span>\n\t\t\t\t\t\t\t\t\t<\/li>\n\t\t\t\t\t\t<\/ul>\n\t\t\t\t<\/div>\n\t\t\t\t<\/div>\n\t\t\t\t\t<\/div>\n\t\t\t\t<\/div>\n\t\t\t\t\t<\/div>\n\t\t\t\t<\/div>\n\t\t\t\t\t\t<\/div>\n\t\t\t\t<\/div>\n\t\t\t\t<\/div>\n\t\t\t\t<\/div>\n\t\t\t\t<\/div>\n\t\t<div class=\"elementor-element elementor-element-72a71220 e-con-full e-flex e-con e-child\" data-id=\"72a71220\" data-element_type=\"container\" id=\"dashboard-body\" data-settings=\"{&quot;content_width&quot;:&quot;full&quot;}\">\n\t\t<div class=\"elementor-element elementor-element-69e0580e e-con-full e-flex e-con e-child\" data-id=\"69e0580e\" data-element_type=\"container\" data-settings=\"{&quot;content_width&quot;:&quot;full&quot;}\">\n\t\t\t\t<div class=\"elementor-element elementor-element-2aed61ce elementor-widget elementor-widget-heading\" data-id=\"2aed61ce\" data-element_type=\"widget\" data-widget_type=\"heading.default\">\n\t\t\t\t<div class=\"elementor-widget-container\">\n\t\t\t<h1 class=\"elementor-heading-title elementor-size-default\">\u0420\u0435\u0434\u0430\u043a\u0442\u0438\u0440\u0430\u043d\u0435 \u043d\u0430 \u043f\u0440\u043e\u0444\u0438\u043b\u0430<\/h1>\t\t<\/div>\n\t\t\t\t<\/div>\n\t\t\t\t<div class=\"elementor-element elementor-element-2600bc8d elementor-widget elementor-widget-shortcode\" data-id=\"2600bc8d\" data-element_type=\"widget\" data-widget_type=\"shortcode.default\">\n\t\t\t\t<div class=\"elementor-widget-container\">\n\t\t\t\t\t<div class=\"elementor-shortcode\">Pro zobrazen\u00ed a \u00fapravu profilu se pros\u00edm p\u0159ihlaste.<\/div>\n\t\t\t\t<\/div>\n\t\t\t\t<\/div>\n\t\t\t\t<div class=\"elementor-element elementor-element-2176eb9 elementor-widget elementor-widget-shortcode\" data-id=\"2176eb9\" data-element_type=\"widget\" data-widget_type=\"shortcode.default\">\n\t\t\t\t<div class=\"elementor-widget-container\">\n\t\t\t\t\t<div class=\"elementor-shortcode\">Pro zobrazen\u00ed a \u00fapravu seznam\u016f produkt\u016f se pros\u00edm p\u0159ihlaste.<\/div>\n\t\t\t\t<\/div>\n\t\t\t\t<\/div>\n\t\t\t\t<\/div>\n\t\t\t\t<\/div>\n\t\t<div class=\"elementor-element elementor-element-1e61252e e-con-full e-flex e-con e-child\" data-id=\"1e61252e\" data-element_type=\"container\" id=\"dashboard-banners\" data-settings=\"{&quot;content_width&quot;:&quot;full&quot;}\">\n\t\t\t\t<div class=\"elementor-element elementor-element-75951f3b elementor-widget elementor-widget-shortcode\" data-id=\"75951f3b\" data-element_type=\"widget\" data-settings=\"{&quot;sticky&quot;:&quot;top&quot;,&quot;sticky_parent&quot;:&quot;yes&quot;,&quot;sticky_on&quot;:[&quot;desktop&quot;,&quot;laptop&quot;],&quot;sticky_offset&quot;:0,&quot;sticky_effects_offset&quot;:0}\" data-widget_type=\"shortcode.default\">\n\t\t\t\t<div class=\"elementor-widget-container\">\n\t\t\t\t\t<div class=\"elementor-shortcode\"><\/div>\n\t\t\t\t<\/div>\n\t\t\t\t<\/div>\n\t\t\t\t<\/div>\n\t\t\t\t<\/div>\n\t\t\t\t\t\t\t<\/div>\n\t\t","protected":false},"excerpt":{"rendered":"<p>\u041d\u0430\u0432\u0438\u0433\u0430\u0446\u0438\u044f \u0420\u0435\u0434\u0430\u043a\u0442\u0438\u0440\u0430\u043d\u0435 \u043d\u0430 \u043f\u0440\u043e\u0444\u0438\u043b\u0430<\/p>\n","protected":false},"author":1,"featured_media":0,"parent":0,"menu_order":0,"comment_status":"closed","ping_status":"closed","template":"elementor_header_footer","meta":{"footnotes":""},"acf":[],"_links":{"self":[{"href":"https:\/\/partner.brainmarket.cz\/bg\/wp-json\/wp\/v2\/pages\/8741"}],"collection":[{"href":"https:\/\/partner.brainmarket.cz\/bg\/wp-json\/wp\/v2\/pages"}],"about":[{"href":"https:\/\/partner.brainmarket.cz\/bg\/wp-json\/wp\/v2\/types\/page"}],"author":[{"embeddable":true,"href":"https:\/\/partner.brainmarket.cz\/bg\/wp-json\/wp\/v2\/users\/1"}],"replies":[{"embeddable":true,"href":"https:\/\/partner.brainmarket.cz\/bg\/wp-json\/wp\/v2\/comments?post=8741"}],"version-history":[{"count":3,"href":"https:\/\/partner.brainmarket.cz\/bg\/wp-json\/wp\/v2\/pages\/8741\/revisions"}],"predecessor-version":[{"id":8878,"href":"https:\/\/partner.brainmarket.cz\/bg\/wp-json\/wp\/v2\/pages\/8741\/revisions\/8878"}],"wp:attachment":[{"href":"https:\/\/partner.brainmarket.cz\/bg\/wp-json\/wp\/v2\/media?parent=8741"}],"curies":[{"name":"wp","href":"https:\/\/api.w.org\/{rel}","templated":true}]}}